{"id":1057,"date":"2026-02-11T23:07:23","date_gmt":"2026-02-11T23:07:23","guid":{"rendered":"https:\/\/lagencedeconstruction.fr\/?page_id=1057"},"modified":"2026-02-11T23:13:24","modified_gmt":"2026-02-11T23:13:24","slug":"realisations-st-vincent-de-barbeyrargues","status":"publish","type":"page","link":"https:\/\/lagencedeconstruction.fr\/?page_id=1057","title":{"rendered":"R\u00e9alisations St Vincent de Barbeyrargues"},"content":{"rendered":"\t\t<div data-elementor-type=\"wp-page\" data-elementor-id=\"1057\" class=\"elementor elementor-1057\">\n\t\t\t\t<div class=\"elementor-element elementor-element-9060224 e-flex e-con-boxed e-con e-parent\" data-id=\"9060224\" data-element_type=\"container\" data-e-type=\"container\">\n\t\t\t\t\t<div class=\"e-con-inner\">\n\t\t\t\t<div class=\"elementor-element elementor-element-d84eb05 htmove-columns-4 elementor-widget elementor-widget-move-filterable-gallery\" data-id=\"d84eb05\" data-element_type=\"widget\" data-e-type=\"widget\" data-widget_type=\"move-filterable-gallery.default\">\n\t\t\t\t<div class=\"elementor-widget-container\">\n\t\t\t\t\t            <div class=\"htmove-gallery-filter htmove-gallery-filter-one\">\n                <ul data-target=\"#filterable-gallery-d84eb05\">\n                    <li class=\"active\" data-filter=\"*\">Toutes<\/li><li data-filter=\".1_Int\u00e9rieur\">Int\u00e9rieur<\/li><li data-filter=\".1_Ext\u00e9rieur\">Ext\u00e9rieur<\/li><li data-filter=\".1_Int\u00e9rieur \">Int\u00e9rieur <\/li>                <\/ul>\n            <\/div>\n        <div class=\"htmove-popup-gallery htmove-gallery-grid htmove-row\" id=\"filterable-gallery-d84eb05\" data-gallery-active=\"*\"><div class=\"htmove-gallery-sizer\"><\/div><div class=\"htmove-gallery-item htmove-col-4 1_Int\u00e9rieur\"><a href=\"https:\/\/lagencedeconstruction.fr\/wp-content\/uploads\/2026\/02\/St-Vincent-de-barbeyrargues-lagence-de-construction-11.png\" class=\"htmove-image-grid\" data-elementor-open-lightbox=\"no\"><img fetchpriority=\"high\" decoding=\"async\" width=\"900\" height=\"1200\" src=\"https:\/\/lagencedeconstruction.fr\/wp-content\/uploads\/2026\/02\/St-Vincent-de-barbeyrargues-lagence-de-construction-11.png\" class=\"attachment-full size-full\" alt=\"\" srcset=\"https:\/\/lagencedeconstruction.fr\/wp-content\/uploads\/2026\/02\/St-Vincent-de-barbeyrargues-lagence-de-construction-11.png 900w, https:\/\/lagencedeconstruction.fr\/wp-content\/uploads\/2026\/02\/St-Vincent-de-barbeyrargues-lagence-de-construction-11-225x300.png 225w, https:\/\/lagencedeconstruction.fr\/wp-content\/uploads\/2026\/02\/St-Vincent-de-barbeyrargues-lagence-de-construction-11-768x1024.png 768w\" sizes=\"(max-width: 900px) 100vw, 900px\" \/><\/a><\/div><div class=\"htmove-gallery-item htmove-col-4 1_Ext\u00e9rieur\"><a href=\"https:\/\/lagencedeconstruction.fr\/wp-content\/uploads\/2026\/02\/St-Vincent-de-barbeyrargues-lagence-de-construction.png\" class=\"htmove-image-grid\" data-elementor-open-lightbox=\"no\"><img decoding=\"async\" width=\"900\" height=\"1200\" src=\"https:\/\/lagencedeconstruction.fr\/wp-content\/uploads\/2026\/02\/St-Vincent-de-barbeyrargues-lagence-de-construction.png\" class=\"attachment-full size-full\" alt=\"\" srcset=\"https:\/\/lagencedeconstruction.fr\/wp-content\/uploads\/2026\/02\/St-Vincent-de-barbeyrargues-lagence-de-construction.png 900w, https:\/\/lagencedeconstruction.fr\/wp-content\/uploads\/2026\/02\/St-Vincent-de-barbeyrargues-lagence-de-construction-225x300.png 225w, https:\/\/lagencedeconstruction.fr\/wp-content\/uploads\/2026\/02\/St-Vincent-de-barbeyrargues-lagence-de-construction-768x1024.png 768w\" sizes=\"(max-width: 900px) 100vw, 900px\" \/><\/a><\/div><div class=\"htmove-gallery-item htmove-col-4 1_Int\u00e9rieur\"><a href=\"https:\/\/lagencedeconstruction.fr\/wp-content\/uploads\/2026\/02\/St-Vincent-de-barbeyrargues-lagence-de-construction-12.png\" class=\"htmove-image-grid\" data-elementor-open-lightbox=\"no\"><img decoding=\"async\" width=\"900\" height=\"1200\" src=\"https:\/\/lagencedeconstruction.fr\/wp-content\/uploads\/2026\/02\/St-Vincent-de-barbeyrargues-lagence-de-construction-12.png\" class=\"attachment-full size-full\" alt=\"\" srcset=\"https:\/\/lagencedeconstruction.fr\/wp-content\/uploads\/2026\/02\/St-Vincent-de-barbeyrargues-lagence-de-construction-12.png 900w, https:\/\/lagencedeconstruction.fr\/wp-content\/uploads\/2026\/02\/St-Vincent-de-barbeyrargues-lagence-de-construction-12-225x300.png 225w, https:\/\/lagencedeconstruction.fr\/wp-content\/uploads\/2026\/02\/St-Vincent-de-barbeyrargues-lagence-de-construction-12-768x1024.png 768w\" sizes=\"(max-width: 900px) 100vw, 900px\" \/><\/a><\/div><div class=\"htmove-gallery-item htmove-col-4 1_Int\u00e9rieur\"><a href=\"https:\/\/lagencedeconstruction.fr\/wp-content\/uploads\/2026\/02\/St-Vincent-de-barbeyrargues-lagence-de-construction-10.png\" class=\"htmove-image-grid\" data-elementor-open-lightbox=\"no\"><img loading=\"lazy\" decoding=\"async\" width=\"900\" height=\"1200\" src=\"https:\/\/lagencedeconstruction.fr\/wp-content\/uploads\/2026\/02\/St-Vincent-de-barbeyrargues-lagence-de-construction-10.png\" class=\"attachment-full size-full\" alt=\"\" srcset=\"https:\/\/lagencedeconstruction.fr\/wp-content\/uploads\/2026\/02\/St-Vincent-de-barbeyrargues-lagence-de-construction-10.png 900w, https:\/\/lagencedeconstruction.fr\/wp-content\/uploads\/2026\/02\/St-Vincent-de-barbeyrargues-lagence-de-construction-10-225x300.png 225w, https:\/\/lagencedeconstruction.fr\/wp-content\/uploads\/2026\/02\/St-Vincent-de-barbeyrargues-lagence-de-construction-10-768x1024.png 768w\" sizes=\"(max-width: 900px) 100vw, 900px\" \/><\/a><\/div><div class=\"htmove-gallery-item htmove-col-4 1_Int\u00e9rieur\"><a href=\"https:\/\/lagencedeconstruction.fr\/wp-content\/uploads\/2026\/02\/St-Vincent-de-barbeyrargues-lagence-de-construction-9.png\" class=\"htmove-image-grid\" data-elementor-open-lightbox=\"no\"><img loading=\"lazy\" decoding=\"async\" width=\"900\" height=\"1200\" src=\"https:\/\/lagencedeconstruction.fr\/wp-content\/uploads\/2026\/02\/St-Vincent-de-barbeyrargues-lagence-de-construction-9.png\" class=\"attachment-full size-full\" alt=\"\" srcset=\"https:\/\/lagencedeconstruction.fr\/wp-content\/uploads\/2026\/02\/St-Vincent-de-barbeyrargues-lagence-de-construction-9.png 900w, https:\/\/lagencedeconstruction.fr\/wp-content\/uploads\/2026\/02\/St-Vincent-de-barbeyrargues-lagence-de-construction-9-225x300.png 225w, https:\/\/lagencedeconstruction.fr\/wp-content\/uploads\/2026\/02\/St-Vincent-de-barbeyrargues-lagence-de-construction-9-768x1024.png 768w\" sizes=\"(max-width: 900px) 100vw, 900px\" \/><\/a><\/div><div class=\"htmove-gallery-item htmove-col-4 1_Int\u00e9rieur\"><a href=\"https:\/\/lagencedeconstruction.fr\/wp-content\/uploads\/2026\/02\/St-Vincent-de-barbeyrargues-lagence-de-construction-8.png\" class=\"htmove-image-grid\" data-elementor-open-lightbox=\"no\"><img loading=\"lazy\" decoding=\"async\" width=\"900\" height=\"1200\" src=\"https:\/\/lagencedeconstruction.fr\/wp-content\/uploads\/2026\/02\/St-Vincent-de-barbeyrargues-lagence-de-construction-8.png\" class=\"attachment-full size-full\" alt=\"\" srcset=\"https:\/\/lagencedeconstruction.fr\/wp-content\/uploads\/2026\/02\/St-Vincent-de-barbeyrargues-lagence-de-construction-8.png 900w, https:\/\/lagencedeconstruction.fr\/wp-content\/uploads\/2026\/02\/St-Vincent-de-barbeyrargues-lagence-de-construction-8-225x300.png 225w, https:\/\/lagencedeconstruction.fr\/wp-content\/uploads\/2026\/02\/St-Vincent-de-barbeyrargues-lagence-de-construction-8-768x1024.png 768w\" sizes=\"(max-width: 900px) 100vw, 900px\" \/><\/a><\/div><div class=\"htmove-gallery-item htmove-col-4 1_Int\u00e9rieur\"><a href=\"https:\/\/lagencedeconstruction.fr\/wp-content\/uploads\/2026\/02\/St-Vincent-de-barbeyrargues-lagence-de-construction-7.png\" class=\"htmove-image-grid\" data-elementor-open-lightbox=\"no\"><img loading=\"lazy\" decoding=\"async\" width=\"900\" height=\"1200\" src=\"https:\/\/lagencedeconstruction.fr\/wp-content\/uploads\/2026\/02\/St-Vincent-de-barbeyrargues-lagence-de-construction-7.png\" class=\"attachment-full size-full\" alt=\"\" srcset=\"https:\/\/lagencedeconstruction.fr\/wp-content\/uploads\/2026\/02\/St-Vincent-de-barbeyrargues-lagence-de-construction-7.png 900w, https:\/\/lagencedeconstruction.fr\/wp-content\/uploads\/2026\/02\/St-Vincent-de-barbeyrargues-lagence-de-construction-7-225x300.png 225w, https:\/\/lagencedeconstruction.fr\/wp-content\/uploads\/2026\/02\/St-Vincent-de-barbeyrargues-lagence-de-construction-7-768x1024.png 768w\" sizes=\"(max-width: 900px) 100vw, 900px\" \/><\/a><\/div><div class=\"htmove-gallery-item htmove-col-4 1_Int\u00e9rieur \"><a href=\"https:\/\/lagencedeconstruction.fr\/wp-content\/uploads\/2026\/02\/St-Vincent-de-barbeyrargues-lagence-de-construction-6.png\" class=\"htmove-image-grid\" data-elementor-open-lightbox=\"no\"><img loading=\"lazy\" decoding=\"async\" width=\"900\" height=\"1200\" src=\"https:\/\/lagencedeconstruction.fr\/wp-content\/uploads\/2026\/02\/St-Vincent-de-barbeyrargues-lagence-de-construction-6.png\" class=\"attachment-full size-full\" alt=\"\" srcset=\"https:\/\/lagencedeconstruction.fr\/wp-content\/uploads\/2026\/02\/St-Vincent-de-barbeyrargues-lagence-de-construction-6.png 900w, https:\/\/lagencedeconstruction.fr\/wp-content\/uploads\/2026\/02\/St-Vincent-de-barbeyrargues-lagence-de-construction-6-225x300.png 225w, https:\/\/lagencedeconstruction.fr\/wp-content\/uploads\/2026\/02\/St-Vincent-de-barbeyrargues-lagence-de-construction-6-768x1024.png 768w\" sizes=\"(max-width: 900px) 100vw, 900px\" \/><\/a><\/div><div class=\"htmove-gallery-item htmove-col-4 1_Int\u00e9rieur\"><a href=\"https:\/\/lagencedeconstruction.fr\/wp-content\/uploads\/2026\/02\/St-Vincent-de-barbeyrargues-lagence-de-construction-5.png\" class=\"htmove-image-grid\" data-elementor-open-lightbox=\"no\"><img loading=\"lazy\" decoding=\"async\" width=\"900\" height=\"1200\" src=\"https:\/\/lagencedeconstruction.fr\/wp-content\/uploads\/2026\/02\/St-Vincent-de-barbeyrargues-lagence-de-construction-5.png\" class=\"attachment-full size-full\" alt=\"\" srcset=\"https:\/\/lagencedeconstruction.fr\/wp-content\/uploads\/2026\/02\/St-Vincent-de-barbeyrargues-lagence-de-construction-5.png 900w, https:\/\/lagencedeconstruction.fr\/wp-content\/uploads\/2026\/02\/St-Vincent-de-barbeyrargues-lagence-de-construction-5-225x300.png 225w, https:\/\/lagencedeconstruction.fr\/wp-content\/uploads\/2026\/02\/St-Vincent-de-barbeyrargues-lagence-de-construction-5-768x1024.png 768w\" sizes=\"(max-width: 900px) 100vw, 900px\" \/><\/a><\/div><div class=\"htmove-gallery-item htmove-col-4 1_Int\u00e9rieur\"><a href=\"https:\/\/lagencedeconstruction.fr\/wp-content\/uploads\/2026\/02\/St-Vincent-de-barbeyrargues-lagence-de-construction-4.png\" class=\"htmove-image-grid\" data-elementor-open-lightbox=\"no\"><img loading=\"lazy\" decoding=\"async\" width=\"900\" height=\"1200\" src=\"https:\/\/lagencedeconstruction.fr\/wp-content\/uploads\/2026\/02\/St-Vincent-de-barbeyrargues-lagence-de-construction-4.png\" class=\"attachment-full size-full\" alt=\"\" srcset=\"https:\/\/lagencedeconstruction.fr\/wp-content\/uploads\/2026\/02\/St-Vincent-de-barbeyrargues-lagence-de-construction-4.png 900w, https:\/\/lagencedeconstruction.fr\/wp-content\/uploads\/2026\/02\/St-Vincent-de-barbeyrargues-lagence-de-construction-4-225x300.png 225w, https:\/\/lagencedeconstruction.fr\/wp-content\/uploads\/2026\/02\/St-Vincent-de-barbeyrargues-lagence-de-construction-4-768x1024.png 768w\" sizes=\"(max-width: 900px) 100vw, 900px\" \/><\/a><\/div><div class=\"htmove-gallery-item htmove-col-4 1_Ext\u00e9rieur\"><a href=\"https:\/\/lagencedeconstruction.fr\/wp-content\/uploads\/2026\/02\/St-Vincent-de-barbeyrargues-lagence-de-construction-3.png\" class=\"htmove-image-grid\" data-elementor-open-lightbox=\"no\"><img loading=\"lazy\" decoding=\"async\" width=\"900\" height=\"1200\" src=\"https:\/\/lagencedeconstruction.fr\/wp-content\/uploads\/2026\/02\/St-Vincent-de-barbeyrargues-lagence-de-construction-3.png\" class=\"attachment-full size-full\" alt=\"\" srcset=\"https:\/\/lagencedeconstruction.fr\/wp-content\/uploads\/2026\/02\/St-Vincent-de-barbeyrargues-lagence-de-construction-3.png 900w, https:\/\/lagencedeconstruction.fr\/wp-content\/uploads\/2026\/02\/St-Vincent-de-barbeyrargues-lagence-de-construction-3-225x300.png 225w, https:\/\/lagencedeconstruction.fr\/wp-content\/uploads\/2026\/02\/St-Vincent-de-barbeyrargues-lagence-de-construction-3-768x1024.png 768w\" sizes=\"(max-width: 900px) 100vw, 900px\" \/><\/a><\/div><div class=\"htmove-gallery-item htmove-col-4 1_Ext\u00e9rieur\"><a href=\"https:\/\/lagencedeconstruction.fr\/wp-content\/uploads\/2026\/02\/St-Vincent-de-barbeyrargues-lagence-de-construction-2.png\" class=\"htmove-image-grid\" data-elementor-open-lightbox=\"no\"><img loading=\"lazy\" decoding=\"async\" width=\"900\" height=\"1200\" src=\"https:\/\/lagencedeconstruction.fr\/wp-content\/uploads\/2026\/02\/St-Vincent-de-barbeyrargues-lagence-de-construction-2.png\" class=\"attachment-full size-full\" alt=\"\" srcset=\"https:\/\/lagencedeconstruction.fr\/wp-content\/uploads\/2026\/02\/St-Vincent-de-barbeyrargues-lagence-de-construction-2.png 900w, https:\/\/lagencedeconstruction.fr\/wp-content\/uploads\/2026\/02\/St-Vincent-de-barbeyrargues-lagence-de-construction-2-225x300.png 225w, https:\/\/lagencedeconstruction.fr\/wp-content\/uploads\/2026\/02\/St-Vincent-de-barbeyrargues-lagence-de-construction-2-768x1024.png 768w\" sizes=\"(max-width: 900px) 100vw, 900px\" \/><\/a><\/div><\/div>\t\t\t\t<\/div>\n\t\t\t\t<\/div>\n\t\t\t\t\t<\/div>\n\t\t\t\t<\/div>\n\t\t\t\t<\/div>\n\t\t","protected":false},"excerpt":{"rendered":"<p>Toutes Int\u00e9rieur Ext\u00e9rieur Int\u00e9rieur<\/p>\n","protected":false},"author":1,"featured_media":0,"parent":0,"menu_order":0,"comment_status":"closed","ping_status":"closed","template":"","meta":{"footnotes":""},"class_list":["post-1057","page","type-page","status-publish","hentry"],"_links":{"self":[{"href":"https:\/\/lagencedeconstruction.fr\/index.php?rest_route=\/wp\/v2\/pages\/1057","targetHints":{"allow":["GET"]}}],"collection":[{"href":"https:\/\/lagencedeconstruction.fr\/index.php?rest_route=\/wp\/v2\/pages"}],"about":[{"href":"https:\/\/lagencedeconstruction.fr\/index.php?rest_route=\/wp\/v2\/types\/page"}],"author":[{"embeddable":true,"href":"https:\/\/lagencedeconstruction.fr\/index.php?rest_route=\/wp\/v2\/users\/1"}],"replies":[{"embeddable":true,"href":"https:\/\/lagencedeconstruction.fr\/index.php?rest_route=%2Fwp%2Fv2%2Fcomments&post=1057"}],"version-history":[{"count":4,"href":"https:\/\/lagencedeconstruction.fr\/index.php?rest_route=\/wp\/v2\/pages\/1057\/revisions"}],"predecessor-version":[{"id":1074,"href":"https:\/\/lagencedeconstruction.fr\/index.php?rest_route=\/wp\/v2\/pages\/1057\/revisions\/1074"}],"wp:attachment":[{"href":"https:\/\/lagencedeconstruction.fr\/index.php?rest_route=%2Fwp%2Fv2%2Fmedia&parent=1057"}],"curies":[{"name":"wp","href":"https:\/\/api.w.org\/{rel}","templated":true}]}}