{"id":455,"date":"2025-11-17T21:57:40","date_gmt":"2025-11-17T21:57:40","guid":{"rendered":"https:\/\/lagencedeconstruction.fr\/?page_id=455"},"modified":"2026-03-21T16:29:40","modified_gmt":"2026-03-21T16:29:40","slug":"pack-photovoltaique","status":"publish","type":"page","link":"https:\/\/lagencedeconstruction.fr\/?page_id=455","title":{"rendered":"Pack photovolta\u00efque"},"content":{"rendered":"\t\t<div data-elementor-type=\"wp-page\" data-elementor-id=\"455\" class=\"elementor elementor-455\">\n\t\t\t\t<div class=\"elementor-element elementor-element-3c6c980 e-con-full e-flex e-con e-parent\" data-id=\"3c6c980\" data-element_type=\"container\" data-e-type=\"container\" data-settings=\"{&quot;background_background&quot;:&quot;classic&quot;}\">\n\t\t<div class=\"elementor-element elementor-element-4ac551f e-con-full e-flex e-con e-child\" data-id=\"4ac551f\" data-element_type=\"container\" data-e-type=\"container\">\n\t\t\t\t<div class=\"elementor-element elementor-element-b8ae959 elementor-widget elementor-widget-heading\" data-id=\"b8ae959\" data-element_type=\"widget\" data-e-type=\"widget\" data-widget_type=\"heading.default\">\n\t\t\t\t\t<h2 class=\"elementor-heading-title elementor-size-default\">ENTRETIEN DES PANNEAUX SOLAIRES :\nUNE \u00c9NERGIE PLUS EFFICACE AU QUOTIDIEN<\/h2>\t\t\t\t<\/div>\n\t\t\t\t<div class=\"elementor-element elementor-element-91d116c elementor-widget elementor-widget-text-editor\" data-id=\"91d116c\" data-element_type=\"widget\" data-e-type=\"widget\" data-widget_type=\"text-editor.default\">\n\t\t\t\t\t\t\t\t\t<p>Des panneaux solaires bien entretenus permettent de <strong data-start=\"419\" data-end=\"447\">pr\u00e9server leur rendement<\/strong>, d\u2019optimiser la production d\u2019\u00e9nergie et d\u2019assurer une performance durable dans le temps.<br data-start=\"536\" data-end=\"539\" \/>Nos <strong data-start=\"543\" data-end=\"590\">solutions d\u2019entretien des panneaux solaires<\/strong> garantissent un <strong data-start=\"607\" data-end=\"646\">fonctionnement fiable toute l\u2019ann\u00e9e<\/strong>, pour une \u00e9nergie ma\u00eetris\u00e9e et des installations performantes, partout dans l\u2019H\u00e9rault.<\/p>\t\t\t\t\t\t\t\t<\/div>\n\t\t\t\t<div class=\"elementor-element elementor-element-f1d809b elementor-widget__width-initial ekit-equal-height-disable elementor-widget elementor-widget-elementskit-icon-box\" data-id=\"f1d809b\" data-element_type=\"widget\" data-e-type=\"widget\" data-widget_type=\"elementskit-icon-box.default\">\n\t\t\t\t\t<div class=\"ekit-wid-con\" >        <!-- link opening -->\n                <a href=\"\" class=\"ekit_global_links\">\n                <!-- end link opening -->\n\n        <div class=\"elementskit-infobox text-left text-left icon-lef-right-aligin elementor-animation- media gradient-active  hover_from_left\">\n                    <div class=\"elementskit-box-header elementor-animation-\">\n                <div class=\"elementskit-info-box-icon  text-center\">\n                    <svg class=\"elementkit-infobox-icon ekit-svg-icon icon-arrow-right\" viewBox=\"0 0 32 32\" xmlns=\"http:\/\/www.w3.org\/2000\/svg\"><path d=\"M30.966 16.234l-9.6-9.6c-0.312-0.312-0.819-0.312-1.131 0s-0.312 0.819 0 1.131l8.234 8.234h-26.069c-0.442 0-0.8 0.358-0.8 0.8s0.358 0.8 0.8 0.8h26.069l-8.234 8.234c-0.312 0.312-0.312 0.819 0 1.131 0.156 0.156 0.361 0.234 0.566 0.234s0.409-0.078 0.566-0.234l9.6-9.6c0.312-0.312 0.312-0.819 0-1.131z\"><\/path><\/svg>\n                <\/div>\n          <\/div>\n                        <div class=\"box-body\">\n                            <p class=\"elementskit-info-box-title\">\n                    Je souhaite entretenir mes panneaux solaires                <\/p>\n                                            <\/div>\n        \n        \n                <\/div>\n                <\/a>\n        <\/div>\t\t\t\t<\/div>\n\t\t\t\t<\/div>\n\t\t<div class=\"elementor-element elementor-element-60df880 e-con-full e-flex e-con e-child\" data-id=\"60df880\" data-element_type=\"container\" data-e-type=\"container\" data-settings=\"{&quot;background_background&quot;:&quot;classic&quot;}\">\n\t\t\t\t<\/div>\n\t\t\t\t<\/div>\n\t\t<div class=\"elementor-element elementor-element-7461c0d e-flex e-con-boxed e-con e-parent\" data-id=\"7461c0d\" data-element_type=\"container\" data-e-type=\"container\">\n\t\t\t\t\t<div class=\"e-con-inner\">\n\t\t\t\t<div class=\"elementor-element elementor-element-3e320a6 elementor-widget elementor-widget-heading\" data-id=\"3e320a6\" data-element_type=\"widget\" data-e-type=\"widget\" data-widget_type=\"heading.default\">\n\t\t\t\t\t<h2 class=\"elementor-heading-title elementor-size-default\">Une solution d\u2019entretien, selon vos besoins<\/h2>\t\t\t\t<\/div>\n\t\t\t\t<div class=\"elementor-element elementor-element-4c80400 elementor-widget elementor-widget-text-editor\" data-id=\"4c80400\" data-element_type=\"widget\" data-e-type=\"widget\" data-widget_type=\"text-editor.default\">\n\t\t\t\t\t\t\t\t\t<p><strong data-start=\"184\" data-end=\"251\">Nous proposons deux solutions d\u2019entretien des panneaux solaires<\/strong>, avec des niveaux de services diff\u00e9rents.<br data-start=\"293\" data-end=\"296\" \/>Chaque solution est pens\u00e9e pour assurer un <strong data-start=\"339\" data-end=\"357\">suivi r\u00e9gulier<\/strong>, une <strong data-start=\"363\" data-end=\"410\">production d\u2019\u00e9nergie optimale toute l\u2019ann\u00e9e<\/strong> et une protection adapt\u00e9e \u00e0 votre installation.<\/p>\t\t\t\t\t\t\t\t<\/div>\n\t\t\t\t\t<\/div>\n\t\t\t\t<\/div>\n\t\t<div class=\"elementor-element elementor-element-b7bc162 e-flex e-con-boxed e-con e-parent\" data-id=\"b7bc162\" data-element_type=\"container\" data-e-type=\"container\">\n\t\t\t\t\t<div class=\"e-con-inner\">\n\t\t<div class=\"elementor-element elementor-element-f3cd202 e-con-full e-flex e-con e-child\" data-id=\"f3cd202\" data-element_type=\"container\" data-e-type=\"container\">\n\t\t\t\t<div class=\"elementor-element elementor-element-8488b24 elementor-widget elementor-widget-heading\" data-id=\"8488b24\" data-element_type=\"widget\" data-e-type=\"widget\" data-widget_type=\"heading.default\">\n\t\t\t\t\t<h2 class=\"elementor-heading-title elementor-size-default\">Solution confort<\/h2>\t\t\t\t<\/div>\n\t\t\t\t<div class=\"elementor-element elementor-element-7b1e561 elementor-widget elementor-widget-text-editor\" data-id=\"7b1e561\" data-element_type=\"widget\" data-e-type=\"widget\" data-widget_type=\"text-editor.default\">\n\t\t\t\t\t\t\t\t\t<p>330\u20ac<\/p>\t\t\t\t\t\t\t\t<\/div>\n\t\t\t\t<div class=\"elementor-element elementor-element-f88b260 elementor-widget elementor-widget-text-editor\" data-id=\"f88b260\" data-element_type=\"widget\" data-e-type=\"widget\" data-widget_type=\"text-editor.default\">\n\t\t\t\t\t\t\t\t\t<p>\/an<\/p>\t\t\t\t\t\t\t\t<\/div>\n\t\t\t\t<div class=\"elementor-element elementor-element-699c2fd elementor-widget elementor-widget-text-editor\" data-id=\"699c2fd\" data-element_type=\"widget\" data-e-type=\"widget\" data-widget_type=\"text-editor.default\">\n\t\t\t\t\t\t\t\t\t<p>Comprend 2 entretiens par an de l&rsquo;installation\u00a0<\/p>\t\t\t\t\t\t\t\t<\/div>\n\t\t\t\t<div class=\"elementor-element elementor-element-6b2df5f elementor-icon-list--layout-traditional elementor-list-item-link-full_width elementor-widget elementor-widget-icon-list\" data-id=\"6b2df5f\" data-element_type=\"widget\" data-e-type=\"widget\" data-widget_type=\"icon-list.default\">\n\t\t\t\t\t\t\t<ul class=\"elementor-icon-list-items\">\n\t\t\t\t\t\t\t<li class=\"elementor-icon-list-item\">\n\t\t\t\t\t\t\t\t\t\t\t<span class=\"elementor-icon-list-icon\">\n\t\t\t\t\t\t\t<svg aria-hidden=\"true\" class=\"e-font-icon-svg e-fas-check\" viewBox=\"0 0 512 512\" xmlns=\"http:\/\/www.w3.org\/2000\/svg\"><path d=\"M173.898 439.404l-166.4-166.4c-9.997-9.997-9.997-26.206 0-36.204l36.203-36.204c9.997-9.998 26.207-9.998 36.204 0L192 312.69 432.095 72.596c9.997-9.997 26.207-9.997 36.204 0l36.203 36.204c9.997 9.997 9.997 26.206 0 36.204l-294.4 294.401c-9.998 9.997-26.207 9.997-36.204-.001z\"><\/path><\/svg>\t\t\t\t\t\t<\/span>\n\t\t\t\t\t\t\t\t\t\t<span class=\"elementor-icon-list-text\">Entretien panneaux solaires photovolta\u00efques hors panneaux thermiques<\/span>\n\t\t\t\t\t\t\t\t\t<\/li>\n\t\t\t\t\t\t<\/ul>\n\t\t\t\t\t\t<\/div>\n\t\t\t\t<div class=\"elementor-element elementor-element-e03ad7c elementor-widget elementor-widget-move-button\" data-id=\"e03ad7c\" data-element_type=\"widget\" data-e-type=\"widget\" data-widget_type=\"move-button.default\">\n\t\t\t\t<div class=\"elementor-widget-container\">\n\t\t\t\t\t<div class=\"htmove-button-area htmove-button-icon-left\"><a href=\"https:\/\/lagencedeconstruction.fr\/?page_id=29\"><button class=\"htmove-btn htmove-btn-primary htmove-btn-st htmove-btn-outline-primary\"> <span class=\"htmove-btn-text\">Faire une demande d&#039;entretien<\/span> <span class=\"htmove-btn-cion\"><i aria-hidden=\"true\" class=\"far fa-arrow-alt-circle-right\"><\/i><\/span> <\/button><\/a><\/div>\t\t\t\t<\/div>\n\t\t\t\t<\/div>\n\t\t\t\t<\/div>\n\t\t\t\t\t<\/div>\n\t\t\t\t<\/div>\n\t\t<div class=\"elementor-element elementor-element-ce87bca e-flex e-con-boxed e-con e-parent\" data-id=\"ce87bca\" data-element_type=\"container\" data-e-type=\"container\" data-settings=\"{&quot;background_background&quot;:&quot;classic&quot;}\">\n\t\t\t\t\t<div class=\"e-con-inner\">\n\t\t<div class=\"elementor-element elementor-element-9d23ea8 e-con-full e-flex e-con e-child\" data-id=\"9d23ea8\" data-element_type=\"container\" data-e-type=\"container\">\n\t\t\t\t<div class=\"elementor-element elementor-element-61bef26 elementor-widget elementor-widget-heading\" data-id=\"61bef26\" data-element_type=\"widget\" data-e-type=\"widget\" data-widget_type=\"heading.default\">\n\t\t\t\t\t<h2 class=\"elementor-heading-title elementor-size-default\">Besoin d'une solution sur mesure ? <\/h2>\t\t\t\t<\/div>\n\t\t\t\t<div class=\"elementor-element elementor-element-ce3e5c6 elementor-widget elementor-widget-text-editor\" data-id=\"ce3e5c6\" data-element_type=\"widget\" data-e-type=\"widget\" data-widget_type=\"text-editor.default\">\n\t\t\t\t\t\t\t\t\t<p>Nous proposons \u00e9galement des <strong data-start=\"224\" data-end=\"260\">solutions d\u2019entretien sur mesure<\/strong>, adapt\u00e9es \u00e0 vos \u00e9quipements et \u00e0 vos besoins sp\u00e9cifiques. Il est possible de <strong data-start=\"338\" data-end=\"382\">combiner plusieurs solutions d\u2019entretien<\/strong> (climatisation, plomberie, panneaux solaires, piscine, etc.) afin de construire une offre coh\u00e9rente et d\u2019<strong data-start=\"488\" data-end=\"565\">\u00e9tablir un prix juste pour l\u2019entretien de l\u2019ensemble de vos installations<\/strong>.<br data-start=\"566\" data-end=\"569\" \/>Vous pouvez <strong data-start=\"581\" data-end=\"623\">faire directement une demande de devis<\/strong>, et nous vous recontacterons <strong data-start=\"653\" data-end=\"683\">dans les plus brefs d\u00e9lais<\/strong> pour analyser votre situation et vous proposer une <strong data-start=\"735\" data-end=\"791\">solution d\u2019entretien adapt\u00e9e, performante et durable<\/strong>.<\/p>\t\t\t\t\t\t\t\t<\/div>\n\t\t\t\t<div class=\"elementor-element elementor-element-7390f9b elementor-widget__width-initial ekit-equal-height-disable elementor-widget elementor-widget-elementskit-icon-box\" data-id=\"7390f9b\" data-element_type=\"widget\" data-e-type=\"widget\" data-widget_type=\"elementskit-icon-box.default\">\n\t\t\t\t\t<div class=\"ekit-wid-con\" >        <!-- link opening -->\n                <a href=\"\" class=\"ekit_global_links\">\n                <!-- end link opening -->\n\n        <div class=\"elementskit-infobox text-left text-left icon-lef-right-aligin elementor-animation- media gradient-active  hover_from_left\">\n                    <div class=\"elementskit-box-header elementor-animation-\">\n                <div class=\"elementskit-info-box-icon  text-center\">\n                    <svg class=\"elementkit-infobox-icon ekit-svg-icon icon-arrow-right\" viewBox=\"0 0 32 32\" xmlns=\"http:\/\/www.w3.org\/2000\/svg\"><path d=\"M30.966 16.234l-9.6-9.6c-0.312-0.312-0.819-0.312-1.131 0s-0.312 0.819 0 1.131l8.234 8.234h-26.069c-0.442 0-0.8 0.358-0.8 0.8s0.358 0.8 0.8 0.8h26.069l-8.234 8.234c-0.312 0.312-0.312 0.819 0 1.131 0.156 0.156 0.361 0.234 0.566 0.234s0.409-0.078 0.566-0.234l9.6-9.6c0.312-0.312 0.312-0.819 0-1.131z\"><\/path><\/svg>\n                <\/div>\n          <\/div>\n                        <div class=\"box-body\">\n                            <p class=\"elementskit-info-box-title\">\n                    Demander un devis                <\/p>\n                                            <\/div>\n        \n        \n                <\/div>\n                <\/a>\n        <\/div>\t\t\t\t<\/div>\n\t\t\t\t<\/div>\n\t\t<div class=\"elementor-element elementor-element-396cdb0 e-con-full e-flex e-con e-child\" data-id=\"396cdb0\" data-element_type=\"container\" data-e-type=\"container\">\n\t\t\t\t<div class=\"elementor-element elementor-element-0fe50c8 elementor-widget elementor-widget-image\" data-id=\"0fe50c8\" data-element_type=\"widget\" data-e-type=\"widget\" data-widget_type=\"image.default\">\n\t\t\t\t\t\t\t\t\t\t\t\t\t\t\t<img fetchpriority=\"high\" decoding=\"async\" width=\"800\" height=\"531\" src=\"https:\/\/lagencedeconstruction.fr\/wp-content\/uploads\/2026\/01\/AdobeStock_81478050-1024x680.jpeg\" class=\"attachment-large size-large wp-image-825\" alt=\"\" srcset=\"https:\/\/lagencedeconstruction.fr\/wp-content\/uploads\/2026\/01\/AdobeStock_81478050-1024x680.jpeg 1024w, https:\/\/lagencedeconstruction.fr\/wp-content\/uploads\/2026\/01\/AdobeStock_81478050-300x199.jpeg 300w, https:\/\/lagencedeconstruction.fr\/wp-content\/uploads\/2026\/01\/AdobeStock_81478050-768x510.jpeg 768w, https:\/\/lagencedeconstruction.fr\/wp-content\/uploads\/2026\/01\/AdobeStock_81478050-1536x1020.jpeg 1536w, https:\/\/lagencedeconstruction.fr\/wp-content\/uploads\/2026\/01\/AdobeStock_81478050-2048x1360.jpeg 2048w\" sizes=\"(max-width: 800px) 100vw, 800px\" \/>\t\t\t\t\t\t\t\t\t\t\t\t\t\t\t<\/div>\n\t\t\t\t<\/div>\n\t\t\t\t\t<\/div>\n\t\t\t\t<\/div>\n\t\t<div class=\"elementor-element elementor-element-3f231a0 e-flex e-con-boxed e-con e-parent\" data-id=\"3f231a0\" data-element_type=\"container\" data-e-type=\"container\">\n\t\t\t\t\t<div class=\"e-con-inner\">\n\t\t\t\t<div class=\"elementor-element elementor-element-337df7b elementor-widget elementor-widget-heading\" data-id=\"337df7b\" data-element_type=\"widget\" data-e-type=\"widget\" data-widget_type=\"heading.default\">\n\t\t\t\t\t<h2 class=\"elementor-heading-title elementor-size-default\">D\u00e9couvrez toutes nos solutions d'entretien<\/h2>\t\t\t\t<\/div>\n\t\t\t\t\t<\/div>\n\t\t\t\t<\/div>\n\t\t<div class=\"elementor-element elementor-element-ebf36c6 e-flex e-con-boxed e-con e-parent\" data-id=\"ebf36c6\" data-element_type=\"container\" data-e-type=\"container\">\n\t\t\t\t\t<div class=\"e-con-inner\">\n\t\t<div class=\"elementor-element elementor-element-bf7eed7 e-con-full e-flex e-con e-child\" data-id=\"bf7eed7\" data-element_type=\"container\" data-e-type=\"container\">\n\t\t\t\t<div class=\"elementor-element elementor-element-5f4a5c1 htmove-image-content-left htmove-image-content-center elementor-widget elementor-widget-move-image-box\" data-id=\"5f4a5c1\" data-element_type=\"widget\" data-e-type=\"widget\" data-widget_type=\"move-image-box.default\">\n\t\t\t\t<div class=\"elementor-widget-container\">\n\t\t\t\t\t                \n            <div class=\"htmove-image-box htmove-image-box-two htmove-image-top\" >\n                <div class=\"htmove-image-box-thumbnail\"><img decoding=\"async\" width=\"600\" height=\"400\" src=\"https:\/\/lagencedeconstruction.fr\/wp-content\/uploads\/2026\/01\/Clim.png\" class=\"attachment-full size-full wp-image-847\" alt=\"\" srcset=\"https:\/\/lagencedeconstruction.fr\/wp-content\/uploads\/2026\/01\/Clim.png 600w, https:\/\/lagencedeconstruction.fr\/wp-content\/uploads\/2026\/01\/Clim-300x200.png 300w\" sizes=\"(max-width: 600px) 100vw, 600px\" \/><a class=\"htmove-image-box-btn\" href=\"https:\/\/lagencedeconstruction.fr\/?page_id=451#\"><span class=\"htmove-btn-text\">En savoir +<\/span><\/a><\/div>\n                <div class=\"htmove-image-box-content\">\n                    <h3 class=\"htmove-image-box-title\">Entretien climatisation<\/h3><div class=\"htmove-image-box-text\"><div class=\"htmove-description\">Entretien r\u00e9gulier de votre climatisation pour garantir performance, confort et qualit\u00e9 de l\u2019air.<\/div><\/div>                <\/div>\n\n            <\/div>\n        \t\t\t\t<\/div>\n\t\t\t\t<\/div>\n\t\t\t\t<\/div>\n\t\t<div class=\"elementor-element elementor-element-cebf545 e-con-full e-flex e-con e-child\" data-id=\"cebf545\" data-element_type=\"container\" data-e-type=\"container\">\n\t\t\t\t<div class=\"elementor-element elementor-element-b4fbb6f htmove-image-content-left htmove-image-content-center elementor-widget elementor-widget-move-image-box\" data-id=\"b4fbb6f\" data-element_type=\"widget\" data-e-type=\"widget\" data-widget_type=\"move-image-box.default\">\n\t\t\t\t<div class=\"elementor-widget-container\">\n\t\t\t\t\t                \n            <div class=\"htmove-image-box htmove-image-box-two htmove-image-top\" >\n                <div class=\"htmove-image-box-thumbnail\"><img decoding=\"async\" width=\"600\" height=\"400\" src=\"https:\/\/lagencedeconstruction.fr\/wp-content\/uploads\/2026\/01\/5.png\" class=\"attachment-full size-full wp-image-835\" alt=\"\" srcset=\"https:\/\/lagencedeconstruction.fr\/wp-content\/uploads\/2026\/01\/5.png 600w, https:\/\/lagencedeconstruction.fr\/wp-content\/uploads\/2026\/01\/5-300x200.png 300w\" sizes=\"(max-width: 600px) 100vw, 600px\" \/><a class=\"htmove-image-box-btn\" href=\"\"><span class=\"htmove-btn-text\">En savoir +<\/span><\/a><\/div>\n                <div class=\"htmove-image-box-content\">\n                    <h3 class=\"htmove-image-box-title\">Entretien adoucisseur<\/h3><div class=\"htmove-image-box-text\"><div class=\"htmove-description\">Entretien de votre adoucisseur d\u2019eau pour garantir une eau saine et un fonctionnement optimal.<\/div><\/div>                <\/div>\n\n            <\/div>\n        \t\t\t\t<\/div>\n\t\t\t\t<\/div>\n\t\t\t\t<\/div>\n\t\t<div class=\"elementor-element elementor-element-801e2f0 e-con-full e-flex e-con e-child\" data-id=\"801e2f0\" data-element_type=\"container\" data-e-type=\"container\">\n\t\t\t\t<div class=\"elementor-element elementor-element-24f18ad htmove-image-content-left htmove-image-content-center elementor-widget elementor-widget-move-image-box\" data-id=\"24f18ad\" data-element_type=\"widget\" data-e-type=\"widget\" data-widget_type=\"move-image-box.default\">\n\t\t\t\t<div class=\"elementor-widget-container\">\n\t\t\t\t\t                \n            <div class=\"htmove-image-box htmove-image-box-two htmove-image-top\" >\n                <div class=\"htmove-image-box-thumbnail\"><img loading=\"lazy\" decoding=\"async\" width=\"600\" height=\"400\" src=\"https:\/\/lagencedeconstruction.fr\/wp-content\/uploads\/2026\/01\/7.png\" class=\"attachment-full size-full wp-image-837\" alt=\"\" srcset=\"https:\/\/lagencedeconstruction.fr\/wp-content\/uploads\/2026\/01\/7.png 600w, https:\/\/lagencedeconstruction.fr\/wp-content\/uploads\/2026\/01\/7-300x200.png 300w\" sizes=\"(max-width: 600px) 100vw, 600px\" \/><a class=\"htmove-image-box-btn\" href=\"https:\/\/lagencedeconstruction.fr\/?page_id=453\"><span class=\"htmove-btn-text\">En savoir +<\/span><\/a><\/div>\n                <div class=\"htmove-image-box-content\">\n                    <h3 class=\"htmove-image-box-title\">Entretien plomberie et chauffe-eau<\/h3><div class=\"htmove-image-box-text\"><div class=\"htmove-description\">Entretien de la plomberie et du chauffe-eau pour pour des installations fiables et durables.<\/div><\/div>                <\/div>\n\n            <\/div>\n        \t\t\t\t<\/div>\n\t\t\t\t<\/div>\n\t\t\t\t<\/div>\n\t\t<div class=\"elementor-element elementor-element-77a495a e-con-full e-flex e-con e-child\" data-id=\"77a495a\" data-element_type=\"container\" data-e-type=\"container\">\n\t\t\t\t<div class=\"elementor-element elementor-element-c80ddd3 htmove-image-content-left htmove-image-content-center elementor-widget elementor-widget-move-image-box\" data-id=\"c80ddd3\" data-element_type=\"widget\" data-e-type=\"widget\" data-widget_type=\"move-image-box.default\">\n\t\t\t\t<div class=\"elementor-widget-container\">\n\t\t\t\t\t                \n            <div class=\"htmove-image-box htmove-image-box-two htmove-image-top\" >\n                <div class=\"htmove-image-box-thumbnail\"><img loading=\"lazy\" decoding=\"async\" width=\"600\" height=\"400\" src=\"https:\/\/lagencedeconstruction.fr\/wp-content\/uploads\/2026\/01\/8.png\" class=\"attachment-full size-full wp-image-838\" alt=\"\" srcset=\"https:\/\/lagencedeconstruction.fr\/wp-content\/uploads\/2026\/01\/8.png 600w, https:\/\/lagencedeconstruction.fr\/wp-content\/uploads\/2026\/01\/8-300x200.png 300w\" sizes=\"(max-width: 600px) 100vw, 600px\" \/><a class=\"htmove-image-box-btn\" href=\"https:\/\/lagencedeconstruction.fr\/?page_id=459\"><span class=\"htmove-btn-text\">En savoir +<\/span><\/a><\/div>\n                <div class=\"htmove-image-box-content\">\n                    <h3 class=\"htmove-image-box-title\">Entretien piscine<\/h3><div class=\"htmove-image-box-text\"><div class=\"htmove-description\">Entretien de votre piscine pour garantir une eau saine et un fonctionnement optimal.<\/div><\/div>                <\/div>\n\n            <\/div>\n        \t\t\t\t<\/div>\n\t\t\t\t<\/div>\n\t\t\t\t<\/div>\n\t\t\t\t\t<\/div>\n\t\t\t\t<\/div>\n\t\t\t\t<\/div>\n\t\t","protected":false},"excerpt":{"rendered":"<p>ENTRETIEN DES PANNEAUX SOLAIRES : UNE \u00c9NERGIE PLUS EFFICACE AU QUOTIDIEN Des panneaux solaires bien entretenus permettent de pr\u00e9server leur rendement, d\u2019optimiser la production d\u2019\u00e9nergie et d\u2019assurer une performance durable dans le temps.Nos solutions d\u2019entretien des panneaux solaires garantissent un fonctionnement fiable toute l\u2019ann\u00e9e, pour une \u00e9nergie ma\u00eetris\u00e9e et des installations performantes, partout dans l\u2019H\u00e9rault. [&hellip;]<\/p>\n","protected":false},"author":1,"featured_media":0,"parent":0,"menu_order":0,"comment_status":"closed","ping_status":"closed","template":"","meta":{"footnotes":""},"class_list":["post-455","page","type-page","status-publish","hentry"],"_links":{"self":[{"href":"https:\/\/lagencedeconstruction.fr\/index.php?rest_route=\/wp\/v2\/pages\/455","targetHints":{"allow":["GET"]}}],"collection":[{"href":"https:\/\/lagencedeconstruction.fr\/index.php?rest_route=\/wp\/v2\/pages"}],"about":[{"href":"https:\/\/lagencedeconstruction.fr\/index.php?rest_route=\/wp\/v2\/types\/page"}],"author":[{"embeddable":true,"href":"https:\/\/lagencedeconstruction.fr\/index.php?rest_route=\/wp\/v2\/users\/1"}],"replies":[{"embeddable":true,"href":"https:\/\/lagencedeconstruction.fr\/index.php?rest_route=%2Fwp%2Fv2%2Fcomments&post=455"}],"version-history":[{"count":22,"href":"https:\/\/lagencedeconstruction.fr\/index.php?rest_route=\/wp\/v2\/pages\/455\/revisions"}],"predecessor-version":[{"id":1202,"href":"https:\/\/lagencedeconstruction.fr\/index.php?rest_route=\/wp\/v2\/pages\/455\/revisions\/1202"}],"wp:attachment":[{"href":"https:\/\/lagencedeconstruction.fr\/index.php?rest_route=%2Fwp%2Fv2%2Fmedia&parent=455"}],"curies":[{"name":"wp","href":"https:\/\/api.w.org\/{rel}","templated":true}]}}