{"id":457,"date":"2025-11-17T21:57:59","date_gmt":"2025-11-17T21:57:59","guid":{"rendered":"https:\/\/lagencedeconstruction.fr\/?page_id=457"},"modified":"2026-03-21T16:16:24","modified_gmt":"2026-03-21T16:16:24","slug":"pack-adoucisseur","status":"publish","type":"page","link":"https:\/\/lagencedeconstruction.fr\/?page_id=457","title":{"rendered":"Pack adoucisseur"},"content":{"rendered":"\t\t<div data-elementor-type=\"wp-page\" data-elementor-id=\"457\" class=\"elementor elementor-457\">\n\t\t\t\t<div class=\"elementor-element elementor-element-54e42aa e-con-full e-flex e-con e-parent\" data-id=\"54e42aa\" data-element_type=\"container\" data-e-type=\"container\" data-settings=\"{&quot;background_background&quot;:&quot;classic&quot;}\">\n\t\t<div class=\"elementor-element elementor-element-4ceaa94 e-con-full e-flex e-con e-child\" data-id=\"4ceaa94\" data-element_type=\"container\" data-e-type=\"container\">\n\t\t\t\t<div class=\"elementor-element elementor-element-5f42708 elementor-widget elementor-widget-heading\" data-id=\"5f42708\" data-element_type=\"widget\" data-e-type=\"widget\" data-widget_type=\"heading.default\">\n\t\t\t\t\t<h2 class=\"elementor-heading-title elementor-size-default\">ENTRETIEN DE L\u2019ADOUCISSEUR D\u2019EAU :\nPLUS DE CONFORT AU QUOTIDIEN<\/h2>\t\t\t\t<\/div>\n\t\t\t\t<div class=\"elementor-element elementor-element-d480e38 elementor-widget elementor-widget-text-editor\" data-id=\"d480e38\" data-element_type=\"widget\" data-e-type=\"widget\" data-widget_type=\"text-editor.default\">\n\t\t\t\t\t\t\t\t\t<p>Un adoucisseur d\u2019eau bien entretenu am\u00e9liore votre <strong data-start=\"375\" data-end=\"406\">qualit\u00e9 de vie au quotidien<\/strong> : une eau plus agr\u00e9able, moins de calcaire et des \u00e9quipements pr\u00e9serv\u00e9s.<br data-start=\"479\" data-end=\"482\" \/>Nos <strong data-start=\"486\" data-end=\"534\">solutions d\u2019entretien de l\u2019adoucisseur d\u2019eau<\/strong> assurent un fonctionnement fiable et durable, pour un meilleur confort dans toute la maison, partout dans l\u2019H\u00e9rault.<\/p>\t\t\t\t\t\t\t\t<\/div>\n\t\t\t\t<div class=\"elementor-element elementor-element-3210737 elementor-widget__width-initial ekit-equal-height-disable elementor-widget elementor-widget-elementskit-icon-box\" data-id=\"3210737\" data-element_type=\"widget\" data-e-type=\"widget\" data-widget_type=\"elementskit-icon-box.default\">\n\t\t\t\t\t<div class=\"ekit-wid-con\" >        <!-- link opening -->\n                <a href=\"\" class=\"ekit_global_links\">\n                <!-- end link opening -->\n\n        <div class=\"elementskit-infobox text-left text-left icon-lef-right-aligin elementor-animation- media gradient-active  hover_from_left\">\n                    <div class=\"elementskit-box-header elementor-animation-\">\n                <div class=\"elementskit-info-box-icon  text-center\">\n                    <svg class=\"elementkit-infobox-icon ekit-svg-icon icon-arrow-right\" viewBox=\"0 0 32 32\" xmlns=\"http:\/\/www.w3.org\/2000\/svg\"><path d=\"M30.966 16.234l-9.6-9.6c-0.312-0.312-0.819-0.312-1.131 0s-0.312 0.819 0 1.131l8.234 8.234h-26.069c-0.442 0-0.8 0.358-0.8 0.8s0.358 0.8 0.8 0.8h26.069l-8.234 8.234c-0.312 0.312-0.312 0.819 0 1.131 0.156 0.156 0.361 0.234 0.566 0.234s0.409-0.078 0.566-0.234l9.6-9.6c0.312-0.312 0.312-0.819 0-1.131z\"><\/path><\/svg>\n                <\/div>\n          <\/div>\n                        <div class=\"box-body\">\n                            <p class=\"elementskit-info-box-title\">\n                    Je souhaite entretenir mon adoucisseur                <\/p>\n                                            <\/div>\n        \n        \n                <\/div>\n                <\/a>\n        <\/div>\t\t\t\t<\/div>\n\t\t\t\t<\/div>\n\t\t<div class=\"elementor-element elementor-element-3e2595b e-con-full e-flex e-con e-child\" data-id=\"3e2595b\" data-element_type=\"container\" data-e-type=\"container\" data-settings=\"{&quot;background_background&quot;:&quot;classic&quot;}\">\n\t\t\t\t<\/div>\n\t\t\t\t<\/div>\n\t\t<div class=\"elementor-element elementor-element-776cfca e-flex e-con-boxed e-con e-parent\" data-id=\"776cfca\" data-element_type=\"container\" data-e-type=\"container\">\n\t\t\t\t\t<div class=\"e-con-inner\">\n\t\t\t\t<div class=\"elementor-element elementor-element-ca3f434 elementor-widget elementor-widget-heading\" data-id=\"ca3f434\" data-element_type=\"widget\" data-e-type=\"widget\" data-widget_type=\"heading.default\">\n\t\t\t\t\t<h2 class=\"elementor-heading-title elementor-size-default\">Deux solutions d\u2019entretien, selon vos besoins<\/h2>\t\t\t\t<\/div>\n\t\t\t\t<div class=\"elementor-element elementor-element-7edea78 elementor-widget elementor-widget-text-editor\" data-id=\"7edea78\" data-element_type=\"widget\" data-e-type=\"widget\" data-widget_type=\"text-editor.default\">\n\t\t\t\t\t\t\t\t\t<p><strong data-start=\"173\" data-end=\"241\">Nous proposons deux solutions d\u2019entretien de l\u2019adoucisseur d\u2019eau<\/strong>, avec des niveaux de services diff\u00e9rents.<br data-start=\"283\" data-end=\"286\" \/>Chaque solution est pens\u00e9e pour assurer un <strong data-start=\"329\" data-end=\"347\">suivi r\u00e9gulier<\/strong>, une <strong data-start=\"353\" data-end=\"394\">qualit\u00e9 d\u2019eau constante toute l\u2019ann\u00e9e<\/strong> et une protection adapt\u00e9e \u00e0 votre installation.<\/p>\t\t\t\t\t\t\t\t<\/div>\n\t\t\t\t\t<\/div>\n\t\t\t\t<\/div>\n\t\t<div class=\"elementor-element elementor-element-a73986a e-flex e-con-boxed e-con e-parent\" data-id=\"a73986a\" data-element_type=\"container\" data-e-type=\"container\">\n\t\t\t\t\t<div class=\"e-con-inner\">\n\t\t<div class=\"elementor-element elementor-element-9c5b376 e-con-full e-flex e-con e-child\" data-id=\"9c5b376\" data-element_type=\"container\" data-e-type=\"container\">\n\t\t\t\t<div class=\"elementor-element elementor-element-019da27 elementor-widget elementor-widget-heading\" data-id=\"019da27\" data-element_type=\"widget\" data-e-type=\"widget\" data-widget_type=\"heading.default\">\n\t\t\t\t\t<h2 class=\"elementor-heading-title elementor-size-default\">Solution essentielle <\/h2>\t\t\t\t<\/div>\n\t\t\t\t<div class=\"elementor-element elementor-element-5304439 elementor-widget elementor-widget-text-editor\" data-id=\"5304439\" data-element_type=\"widget\" data-e-type=\"widget\" data-widget_type=\"text-editor.default\">\n\t\t\t\t\t\t\t\t\t<p>129\u20ac<\/p>\t\t\t\t\t\t\t\t<\/div>\n\t\t\t\t<div class=\"elementor-element elementor-element-1dac3a9 elementor-widget elementor-widget-text-editor\" data-id=\"1dac3a9\" data-element_type=\"widget\" data-e-type=\"widget\" data-widget_type=\"text-editor.default\">\n\t\t\t\t\t\t\t\t\t<p>\/an<\/p>\t\t\t\t\t\t\t\t<\/div>\n\t\t\t\t<div class=\"elementor-element elementor-element-fb0ba76 elementor-widget elementor-widget-text-editor\" data-id=\"fb0ba76\" data-element_type=\"widget\" data-e-type=\"widget\" data-widget_type=\"text-editor.default\">\n\t\t\t\t\t\t\t\t\t<p>Comprend 1 entretien par an de l&rsquo;installation\u00a0<\/p>\t\t\t\t\t\t\t\t<\/div>\n\t\t\t\t<div class=\"elementor-element elementor-element-55c5776 elementor-icon-list--layout-traditional elementor-list-item-link-full_width elementor-widget elementor-widget-icon-list\" data-id=\"55c5776\" data-element_type=\"widget\" data-e-type=\"widget\" data-widget_type=\"icon-list.default\">\n\t\t\t\t\t\t\t<ul class=\"elementor-icon-list-items\">\n\t\t\t\t\t\t\t<li class=\"elementor-icon-list-item\">\n\t\t\t\t\t\t\t\t\t\t\t<span class=\"elementor-icon-list-icon\">\n\t\t\t\t\t\t\t<svg aria-hidden=\"true\" class=\"e-font-icon-svg e-fas-check\" viewBox=\"0 0 512 512\" xmlns=\"http:\/\/www.w3.org\/2000\/svg\"><path d=\"M173.898 439.404l-166.4-166.4c-9.997-9.997-9.997-26.206 0-36.204l36.203-36.204c9.997-9.998 26.207-9.998 36.204 0L192 312.69 432.095 72.596c9.997-9.997 26.207-9.997 36.204 0l36.203 36.204c9.997 9.997 9.997 26.206 0 36.204l-294.4 294.401c-9.998 9.997-26.207 9.997-36.204-.001z\"><\/path><\/svg>\t\t\t\t\t\t<\/span>\n\t\t\t\t\t\t\t\t\t\t<span class=\"elementor-icon-list-text\">Entretien adoucisseur <\/span>\n\t\t\t\t\t\t\t\t\t<\/li>\n\t\t\t\t\t\t<\/ul>\n\t\t\t\t\t\t<\/div>\n\t\t\t\t<div class=\"elementor-element elementor-element-f3e656b elementor-widget elementor-widget-move-button\" data-id=\"f3e656b\" data-element_type=\"widget\" data-e-type=\"widget\" data-widget_type=\"move-button.default\">\n\t\t\t\t<div class=\"elementor-widget-container\">\n\t\t\t\t\t<div class=\"htmove-button-area htmove-button-icon-left\"><a href=\"\"><button class=\"htmove-btn htmove-btn-primary htmove-btn-st htmove-btn-outline-primary\"> <span class=\"htmove-btn-text\">Faire une demande d&#039;entretien<\/span> <span class=\"htmove-btn-cion\"><i aria-hidden=\"true\" class=\"far fa-arrow-alt-circle-right\"><\/i><\/span> <\/button><\/a><\/div>\t\t\t\t<\/div>\n\t\t\t\t<\/div>\n\t\t\t\t<\/div>\n\t\t\t\t\t<\/div>\n\t\t\t\t<\/div>\n\t\t<div class=\"elementor-element elementor-element-03e0189 e-flex e-con-boxed e-con e-parent\" data-id=\"03e0189\" data-element_type=\"container\" data-e-type=\"container\" data-settings=\"{&quot;background_background&quot;:&quot;classic&quot;}\">\n\t\t\t\t\t<div class=\"e-con-inner\">\n\t\t<div class=\"elementor-element elementor-element-c5b0404 e-con-full e-flex e-con e-child\" data-id=\"c5b0404\" data-element_type=\"container\" data-e-type=\"container\">\n\t\t\t\t<div class=\"elementor-element elementor-element-00f9078 elementor-widget elementor-widget-heading\" data-id=\"00f9078\" data-element_type=\"widget\" data-e-type=\"widget\" data-widget_type=\"heading.default\">\n\t\t\t\t\t<h2 class=\"elementor-heading-title elementor-size-default\">Besoin d'une solution sur mesure ? <\/h2>\t\t\t\t<\/div>\n\t\t\t\t<div class=\"elementor-element elementor-element-35a6f5e elementor-widget elementor-widget-text-editor\" data-id=\"35a6f5e\" data-element_type=\"widget\" data-e-type=\"widget\" data-widget_type=\"text-editor.default\">\n\t\t\t\t\t\t\t\t\t<p>Nous proposons \u00e9galement des <strong data-start=\"224\" data-end=\"260\">solutions d\u2019entretien sur mesure<\/strong>, adapt\u00e9es \u00e0 vos \u00e9quipements et \u00e0 vos besoins sp\u00e9cifiques. Il est possible de <strong data-start=\"338\" data-end=\"382\">combiner plusieurs solutions d\u2019entretien<\/strong> (climatisation, plomberie, panneaux solaires, piscine, etc.) afin de construire une offre coh\u00e9rente et d\u2019<strong data-start=\"488\" data-end=\"565\">\u00e9tablir un prix juste pour l\u2019entretien de l\u2019ensemble de vos installations<\/strong>.<br data-start=\"566\" data-end=\"569\" \/>Vous pouvez <strong data-start=\"581\" data-end=\"623\">faire directement une demande de devis<\/strong>, et nous vous recontacterons <strong data-start=\"653\" data-end=\"683\">dans les plus brefs d\u00e9lais<\/strong> pour analyser votre situation et vous proposer une <strong data-start=\"735\" data-end=\"791\">solution d\u2019entretien adapt\u00e9e, performante et durable<\/strong>.<\/p>\t\t\t\t\t\t\t\t<\/div>\n\t\t\t\t<div class=\"elementor-element elementor-element-ab27e93 elementor-widget__width-initial ekit-equal-height-disable elementor-widget elementor-widget-elementskit-icon-box\" data-id=\"ab27e93\" data-element_type=\"widget\" data-e-type=\"widget\" data-widget_type=\"elementskit-icon-box.default\">\n\t\t\t\t\t<div class=\"ekit-wid-con\" >        <!-- link opening -->\n                <a href=\"\" class=\"ekit_global_links\">\n                <!-- end link opening -->\n\n        <div class=\"elementskit-infobox text-left text-left icon-lef-right-aligin elementor-animation- media gradient-active  hover_from_left\">\n                    <div class=\"elementskit-box-header elementor-animation-\">\n                <div class=\"elementskit-info-box-icon  text-center\">\n                    <svg class=\"elementkit-infobox-icon ekit-svg-icon icon-arrow-right\" viewBox=\"0 0 32 32\" xmlns=\"http:\/\/www.w3.org\/2000\/svg\"><path d=\"M30.966 16.234l-9.6-9.6c-0.312-0.312-0.819-0.312-1.131 0s-0.312 0.819 0 1.131l8.234 8.234h-26.069c-0.442 0-0.8 0.358-0.8 0.8s0.358 0.8 0.8 0.8h26.069l-8.234 8.234c-0.312 0.312-0.312 0.819 0 1.131 0.156 0.156 0.361 0.234 0.566 0.234s0.409-0.078 0.566-0.234l9.6-9.6c0.312-0.312 0.312-0.819 0-1.131z\"><\/path><\/svg>\n                <\/div>\n          <\/div>\n                        <div class=\"box-body\">\n                            <p class=\"elementskit-info-box-title\">\n                    Demander un devis                <\/p>\n                                            <\/div>\n        \n        \n                <\/div>\n                <\/a>\n        <\/div>\t\t\t\t<\/div>\n\t\t\t\t<\/div>\n\t\t<div class=\"elementor-element elementor-element-86bc923 e-con-full e-flex e-con e-child\" data-id=\"86bc923\" data-element_type=\"container\" data-e-type=\"container\">\n\t\t\t\t<div class=\"elementor-element elementor-element-d67547f elementor-widget elementor-widget-image\" data-id=\"d67547f\" data-element_type=\"widget\" data-e-type=\"widget\" data-widget_type=\"image.default\">\n\t\t\t\t\t\t\t\t\t\t\t\t\t\t\t<img fetchpriority=\"high\" decoding=\"async\" width=\"800\" height=\"531\" src=\"https:\/\/lagencedeconstruction.fr\/wp-content\/uploads\/2026\/01\/AdobeStock_81478050-1024x680.jpeg\" class=\"attachment-large size-large wp-image-825\" alt=\"\" srcset=\"https:\/\/lagencedeconstruction.fr\/wp-content\/uploads\/2026\/01\/AdobeStock_81478050-1024x680.jpeg 1024w, https:\/\/lagencedeconstruction.fr\/wp-content\/uploads\/2026\/01\/AdobeStock_81478050-300x199.jpeg 300w, https:\/\/lagencedeconstruction.fr\/wp-content\/uploads\/2026\/01\/AdobeStock_81478050-768x510.jpeg 768w, https:\/\/lagencedeconstruction.fr\/wp-content\/uploads\/2026\/01\/AdobeStock_81478050-1536x1020.jpeg 1536w, https:\/\/lagencedeconstruction.fr\/wp-content\/uploads\/2026\/01\/AdobeStock_81478050-2048x1360.jpeg 2048w\" sizes=\"(max-width: 800px) 100vw, 800px\" \/>\t\t\t\t\t\t\t\t\t\t\t\t\t\t\t<\/div>\n\t\t\t\t<\/div>\n\t\t\t\t\t<\/div>\n\t\t\t\t<\/div>\n\t\t<div class=\"elementor-element elementor-element-3849f03 e-flex e-con-boxed e-con e-parent\" data-id=\"3849f03\" data-element_type=\"container\" data-e-type=\"container\">\n\t\t\t\t\t<div class=\"e-con-inner\">\n\t\t\t\t<div class=\"elementor-element elementor-element-023df19 elementor-widget elementor-widget-heading\" data-id=\"023df19\" data-element_type=\"widget\" data-e-type=\"widget\" data-widget_type=\"heading.default\">\n\t\t\t\t\t<h2 class=\"elementor-heading-title elementor-size-default\">D\u00e9couvrez toutes nos solutions d'entretien<\/h2>\t\t\t\t<\/div>\n\t\t\t\t\t<\/div>\n\t\t\t\t<\/div>\n\t\t<div class=\"elementor-element elementor-element-5b79e1a e-flex e-con-boxed e-con e-parent\" data-id=\"5b79e1a\" data-element_type=\"container\" data-e-type=\"container\">\n\t\t\t\t\t<div class=\"e-con-inner\">\n\t\t<div class=\"elementor-element elementor-element-646f5d6 e-con-full e-flex e-con e-child\" data-id=\"646f5d6\" data-element_type=\"container\" data-e-type=\"container\">\n\t\t\t\t<div class=\"elementor-element elementor-element-aae91f2 htmove-image-content-left htmove-image-content-center elementor-widget elementor-widget-move-image-box\" data-id=\"aae91f2\" data-element_type=\"widget\" data-e-type=\"widget\" data-widget_type=\"move-image-box.default\">\n\t\t\t\t<div class=\"elementor-widget-container\">\n\t\t\t\t\t                \n            <div class=\"htmove-image-box htmove-image-box-two htmove-image-top\" >\n                <div class=\"htmove-image-box-thumbnail\"><img decoding=\"async\" width=\"600\" height=\"400\" src=\"https:\/\/lagencedeconstruction.fr\/wp-content\/uploads\/2026\/01\/Clim.png\" class=\"attachment-full size-full wp-image-847\" alt=\"\" srcset=\"https:\/\/lagencedeconstruction.fr\/wp-content\/uploads\/2026\/01\/Clim.png 600w, https:\/\/lagencedeconstruction.fr\/wp-content\/uploads\/2026\/01\/Clim-300x200.png 300w\" sizes=\"(max-width: 600px) 100vw, 600px\" \/><a class=\"htmove-image-box-btn\" href=\"https:\/\/lagencedeconstruction.fr\/?page_id=451#\"><span class=\"htmove-btn-text\">En savoir +<\/span><\/a><\/div>\n                <div class=\"htmove-image-box-content\">\n                    <h3 class=\"htmove-image-box-title\">Entretien climatisation<\/h3><div class=\"htmove-image-box-text\"><div class=\"htmove-description\">Entretien r\u00e9gulier de votre climatisation pour garantir performance, confort et qualit\u00e9 de l\u2019air.<\/div><\/div>                <\/div>\n\n            <\/div>\n        \t\t\t\t<\/div>\n\t\t\t\t<\/div>\n\t\t\t\t<\/div>\n\t\t<div class=\"elementor-element elementor-element-1ee763a e-con-full e-flex e-con e-child\" data-id=\"1ee763a\" data-element_type=\"container\" data-e-type=\"container\">\n\t\t\t\t<div class=\"elementor-element elementor-element-c61512e htmove-image-content-left htmove-image-content-center elementor-widget elementor-widget-move-image-box\" data-id=\"c61512e\" data-element_type=\"widget\" data-e-type=\"widget\" data-widget_type=\"move-image-box.default\">\n\t\t\t\t<div class=\"elementor-widget-container\">\n\t\t\t\t\t                \n            <div class=\"htmove-image-box htmove-image-box-two htmove-image-top\" >\n                <div class=\"htmove-image-box-thumbnail\"><img decoding=\"async\" width=\"600\" height=\"400\" src=\"https:\/\/lagencedeconstruction.fr\/wp-content\/uploads\/2026\/01\/6.png\" class=\"attachment-full size-full wp-image-836\" alt=\"\" srcset=\"https:\/\/lagencedeconstruction.fr\/wp-content\/uploads\/2026\/01\/6.png 600w, https:\/\/lagencedeconstruction.fr\/wp-content\/uploads\/2026\/01\/6-300x200.png 300w\" sizes=\"(max-width: 600px) 100vw, 600px\" \/><a class=\"htmove-image-box-btn\" href=\"https:\/\/lagencedeconstruction.fr\/?page_id=455\"><span class=\"htmove-btn-text\">En savoir +<\/span><\/a><\/div>\n                <div class=\"htmove-image-box-content\">\n                    <h3 class=\"htmove-image-box-title\">Entretien panneaux solaires<\/h3><div class=\"htmove-image-box-text\"><div class=\"htmove-description\">Entretien de vos panneaux solaires pour pr\u00e9server leur performance et leur rendement.<\/div><\/div>                <\/div>\n\n            <\/div>\n        \t\t\t\t<\/div>\n\t\t\t\t<\/div>\n\t\t\t\t<\/div>\n\t\t<div class=\"elementor-element elementor-element-8d030ea e-con-full e-flex e-con e-child\" data-id=\"8d030ea\" data-element_type=\"container\" data-e-type=\"container\">\n\t\t\t\t<div class=\"elementor-element elementor-element-477dc61 htmove-image-content-left htmove-image-content-center elementor-widget elementor-widget-move-image-box\" data-id=\"477dc61\" data-element_type=\"widget\" data-e-type=\"widget\" data-widget_type=\"move-image-box.default\">\n\t\t\t\t<div class=\"elementor-widget-container\">\n\t\t\t\t\t                \n            <div class=\"htmove-image-box htmove-image-box-two htmove-image-top\" >\n                <div class=\"htmove-image-box-thumbnail\"><img loading=\"lazy\" decoding=\"async\" width=\"600\" height=\"400\" src=\"https:\/\/lagencedeconstruction.fr\/wp-content\/uploads\/2026\/01\/7.png\" class=\"attachment-full size-full wp-image-837\" alt=\"\" srcset=\"https:\/\/lagencedeconstruction.fr\/wp-content\/uploads\/2026\/01\/7.png 600w, https:\/\/lagencedeconstruction.fr\/wp-content\/uploads\/2026\/01\/7-300x200.png 300w\" sizes=\"(max-width: 600px) 100vw, 600px\" \/><a class=\"htmove-image-box-btn\" href=\"https:\/\/lagencedeconstruction.fr\/?page_id=453\"><span class=\"htmove-btn-text\">En savoir +<\/span><\/a><\/div>\n                <div class=\"htmove-image-box-content\">\n                    <h3 class=\"htmove-image-box-title\">Entretien plomberie et chauffe-eau<\/h3><div class=\"htmove-image-box-text\"><div class=\"htmove-description\">Entretien de la plomberie et du chauffe-eau pour pour des installations fiables et durables.<\/div><\/div>                <\/div>\n\n            <\/div>\n        \t\t\t\t<\/div>\n\t\t\t\t<\/div>\n\t\t\t\t<\/div>\n\t\t<div class=\"elementor-element elementor-element-fec05e6 e-con-full e-flex e-con e-child\" data-id=\"fec05e6\" data-element_type=\"container\" data-e-type=\"container\">\n\t\t\t\t<div class=\"elementor-element elementor-element-0d91e76 htmove-image-content-left htmove-image-content-center elementor-widget elementor-widget-move-image-box\" data-id=\"0d91e76\" data-element_type=\"widget\" data-e-type=\"widget\" data-widget_type=\"move-image-box.default\">\n\t\t\t\t<div class=\"elementor-widget-container\">\n\t\t\t\t\t                \n            <div class=\"htmove-image-box htmove-image-box-two htmove-image-top\" >\n                <div class=\"htmove-image-box-thumbnail\"><img loading=\"lazy\" decoding=\"async\" width=\"600\" height=\"400\" src=\"https:\/\/lagencedeconstruction.fr\/wp-content\/uploads\/2026\/01\/8.png\" class=\"attachment-full size-full wp-image-838\" alt=\"\" srcset=\"https:\/\/lagencedeconstruction.fr\/wp-content\/uploads\/2026\/01\/8.png 600w, https:\/\/lagencedeconstruction.fr\/wp-content\/uploads\/2026\/01\/8-300x200.png 300w\" sizes=\"(max-width: 600px) 100vw, 600px\" \/><a class=\"htmove-image-box-btn\" href=\"https:\/\/lagencedeconstruction.fr\/?page_id=459\"><span class=\"htmove-btn-text\">En savoir +<\/span><\/a><\/div>\n                <div class=\"htmove-image-box-content\">\n                    <h3 class=\"htmove-image-box-title\">Entretien piscine<\/h3><div class=\"htmove-image-box-text\"><div class=\"htmove-description\">Entretien de votre piscine pour garantir une eau saine et un fonctionnement optimal.<\/div><\/div>                <\/div>\n\n            <\/div>\n        \t\t\t\t<\/div>\n\t\t\t\t<\/div>\n\t\t\t\t<\/div>\n\t\t\t\t\t<\/div>\n\t\t\t\t<\/div>\n\t\t\t\t<\/div>\n\t\t","protected":false},"excerpt":{"rendered":"<p>ENTRETIEN DE L\u2019ADOUCISSEUR D\u2019EAU : PLUS DE CONFORT AU QUOTIDIEN Un adoucisseur d\u2019eau bien entretenu am\u00e9liore votre qualit\u00e9 de vie au quotidien : une eau plus agr\u00e9able, moins de calcaire et des \u00e9quipements pr\u00e9serv\u00e9s.Nos solutions d\u2019entretien de l\u2019adoucisseur d\u2019eau assurent un fonctionnement fiable et durable, pour un meilleur confort dans toute la maison, partout dans [&hellip;]<\/p>\n","protected":false},"author":1,"featured_media":0,"parent":0,"menu_order":0,"comment_status":"closed","ping_status":"closed","template":"","meta":{"footnotes":""},"class_list":["post-457","page","type-page","status-publish","hentry"],"_links":{"self":[{"href":"https:\/\/lagencedeconstruction.fr\/index.php?rest_route=\/wp\/v2\/pages\/457","targetHints":{"allow":["GET"]}}],"collection":[{"href":"https:\/\/lagencedeconstruction.fr\/index.php?rest_route=\/wp\/v2\/pages"}],"about":[{"href":"https:\/\/lagencedeconstruction.fr\/index.php?rest_route=\/wp\/v2\/types\/page"}],"author":[{"embeddable":true,"href":"https:\/\/lagencedeconstruction.fr\/index.php?rest_route=\/wp\/v2\/users\/1"}],"replies":[{"embeddable":true,"href":"https:\/\/lagencedeconstruction.fr\/index.php?rest_route=%2Fwp%2Fv2%2Fcomments&post=457"}],"version-history":[{"count":13,"href":"https:\/\/lagencedeconstruction.fr\/index.php?rest_route=\/wp\/v2\/pages\/457\/revisions"}],"predecessor-version":[{"id":1163,"href":"https:\/\/lagencedeconstruction.fr\/index.php?rest_route=\/wp\/v2\/pages\/457\/revisions\/1163"}],"wp:attachment":[{"href":"https:\/\/lagencedeconstruction.fr\/index.php?rest_route=%2Fwp%2Fv2%2Fmedia&parent=457"}],"curies":[{"name":"wp","href":"https:\/\/api.w.org\/{rel}","templated":true}]}}