{"id":459,"date":"2025-11-17T21:58:09","date_gmt":"2025-11-17T21:58:09","guid":{"rendered":"https:\/\/lagencedeconstruction.fr\/?page_id=459"},"modified":"2026-03-21T16:29:24","modified_gmt":"2026-03-21T16:29:24","slug":"pack-piscine","status":"publish","type":"page","link":"https:\/\/lagencedeconstruction.fr\/?page_id=459","title":{"rendered":"Pack piscine"},"content":{"rendered":"\t\t<div data-elementor-type=\"wp-page\" data-elementor-id=\"459\" class=\"elementor elementor-459\">\n\t\t\t\t<div class=\"elementor-element elementor-element-6d7c8db e-con-full e-flex e-con e-parent\" data-id=\"6d7c8db\" data-element_type=\"container\" data-e-type=\"container\" data-settings=\"{&quot;background_background&quot;:&quot;classic&quot;}\">\n\t\t<div class=\"elementor-element elementor-element-02e905c e-con-full e-flex e-con e-child\" data-id=\"02e905c\" data-element_type=\"container\" data-e-type=\"container\">\n\t\t\t\t<div class=\"elementor-element elementor-element-370096b elementor-widget elementor-widget-heading\" data-id=\"370096b\" data-element_type=\"widget\" data-e-type=\"widget\" data-widget_type=\"heading.default\">\n\t\t\t\t\t<h2 class=\"elementor-heading-title elementor-size-default\">ENTRETIEN DE LA PISCINE :\n\nS\u00c9R\u00c9NIT\u00c9 ET PLAISIR AU QUOTIDIEN<\/h2>\t\t\t\t<\/div>\n\t\t\t\t<div class=\"elementor-element elementor-element-9c67cf5 elementor-widget elementor-widget-text-editor\" data-id=\"9c67cf5\" data-element_type=\"widget\" data-e-type=\"widget\" data-widget_type=\"text-editor.default\">\n\t\t\t\t\t\t\t\t\t<p>Une piscine bien entretenue permet de <strong data-start=\"313\" data-end=\"341\">profiter d\u2019une eau saine<\/strong>, de pr\u00e9server les \u00e9quipements et d\u2019assurer un fonctionnement optimal tout au long de l\u2019ann\u00e9e.<br data-start=\"435\" data-end=\"438\" \/>Nos <strong data-start=\"442\" data-end=\"481\">solutions d\u2019entretien de la piscine<\/strong> garantissent un <strong data-start=\"498\" data-end=\"529\">\u00e9quilibre ma\u00eetris\u00e9 de l\u2019eau<\/strong>, des installations fiables et un confort durable, pour profiter pleinement de votre piscine, partout dans l\u2019H\u00e9rault.<\/p>\t\t\t\t\t\t\t\t<\/div>\n\t\t\t\t<div class=\"elementor-element elementor-element-5d4607e elementor-widget__width-initial ekit-equal-height-disable elementor-widget elementor-widget-elementskit-icon-box\" data-id=\"5d4607e\" data-element_type=\"widget\" data-e-type=\"widget\" data-widget_type=\"elementskit-icon-box.default\">\n\t\t\t\t\t<div class=\"ekit-wid-con\" >        <!-- link opening -->\n                <a href=\"\" class=\"ekit_global_links\">\n                <!-- end link opening -->\n\n        <div class=\"elementskit-infobox text-left text-left icon-lef-right-aligin elementor-animation- media gradient-active  hover_from_left\">\n                    <div class=\"elementskit-box-header elementor-animation-\">\n                <div class=\"elementskit-info-box-icon  text-center\">\n                    <svg class=\"elementkit-infobox-icon ekit-svg-icon icon-arrow-right\" viewBox=\"0 0 32 32\" xmlns=\"http:\/\/www.w3.org\/2000\/svg\"><path d=\"M30.966 16.234l-9.6-9.6c-0.312-0.312-0.819-0.312-1.131 0s-0.312 0.819 0 1.131l8.234 8.234h-26.069c-0.442 0-0.8 0.358-0.8 0.8s0.358 0.8 0.8 0.8h26.069l-8.234 8.234c-0.312 0.312-0.312 0.819 0 1.131 0.156 0.156 0.361 0.234 0.566 0.234s0.409-0.078 0.566-0.234l9.6-9.6c0.312-0.312 0.312-0.819 0-1.131z\"><\/path><\/svg>\n                <\/div>\n          <\/div>\n                        <div class=\"box-body\">\n                            <p class=\"elementskit-info-box-title\">\n                    Je souhaite entretenir ma piscine                <\/p>\n                                            <\/div>\n        \n        \n                <\/div>\n                <\/a>\n        <\/div>\t\t\t\t<\/div>\n\t\t\t\t<\/div>\n\t\t<div class=\"elementor-element elementor-element-1fcd6bb e-con-full e-flex e-con e-child\" data-id=\"1fcd6bb\" data-element_type=\"container\" data-e-type=\"container\" data-settings=\"{&quot;background_background&quot;:&quot;classic&quot;}\">\n\t\t\t\t<\/div>\n\t\t\t\t<\/div>\n\t\t<div class=\"elementor-element elementor-element-9af3a10 e-flex e-con-boxed e-con e-parent\" data-id=\"9af3a10\" data-element_type=\"container\" data-e-type=\"container\">\n\t\t\t\t\t<div class=\"e-con-inner\">\n\t\t\t\t<div class=\"elementor-element elementor-element-11ee591 elementor-widget elementor-widget-heading\" data-id=\"11ee591\" data-element_type=\"widget\" data-e-type=\"widget\" data-widget_type=\"heading.default\">\n\t\t\t\t\t<h2 class=\"elementor-heading-title elementor-size-default\">Une solution d\u2019entretien, selon vos besoins<\/h2>\t\t\t\t<\/div>\n\t\t\t\t<div class=\"elementor-element elementor-element-02f8231 elementor-widget elementor-widget-text-editor\" data-id=\"02f8231\" data-element_type=\"widget\" data-e-type=\"widget\" data-widget_type=\"text-editor.default\">\n\t\t\t\t\t\t\t\t\t<p><strong data-start=\"204\" data-end=\"263\">Nous proposons deux solutions d\u2019entretien de la piscine<\/strong>, avec des niveaux de services diff\u00e9rents.<br data-start=\"305\" data-end=\"308\" \/>Chaque solution est pens\u00e9e pour assurer un <strong data-start=\"351\" data-end=\"369\">suivi r\u00e9gulier<\/strong>, une <strong data-start=\"375\" data-end=\"416\">qualit\u00e9 d\u2019eau ma\u00eetris\u00e9e toute l\u2019ann\u00e9e<\/strong> et une protection adapt\u00e9e \u00e0 vos \u00e9quipements.<\/p>\t\t\t\t\t\t\t\t<\/div>\n\t\t\t\t\t<\/div>\n\t\t\t\t<\/div>\n\t\t<div class=\"elementor-element elementor-element-ca5e208 e-flex e-con-boxed e-con e-parent\" data-id=\"ca5e208\" data-element_type=\"container\" data-e-type=\"container\">\n\t\t\t\t\t<div class=\"e-con-inner\">\n\t\t<div class=\"elementor-element elementor-element-5b18c63 e-con-full e-flex e-con e-child\" data-id=\"5b18c63\" data-element_type=\"container\" data-e-type=\"container\">\n\t\t\t\t<div class=\"elementor-element elementor-element-884af63 elementor-widget elementor-widget-heading\" data-id=\"884af63\" data-element_type=\"widget\" data-e-type=\"widget\" data-widget_type=\"heading.default\">\n\t\t\t\t\t<h2 class=\"elementor-heading-title elementor-size-default\">Solution confort<\/h2>\t\t\t\t<\/div>\n\t\t\t\t<div class=\"elementor-element elementor-element-56d7e90 elementor-widget elementor-widget-text-editor\" data-id=\"56d7e90\" data-element_type=\"widget\" data-e-type=\"widget\" data-widget_type=\"text-editor.default\">\n\t\t\t\t\t\t\t\t\t<p>700\u20ac<\/p>\t\t\t\t\t\t\t\t<\/div>\n\t\t\t\t<div class=\"elementor-element elementor-element-64ee3d7 elementor-widget elementor-widget-text-editor\" data-id=\"64ee3d7\" data-element_type=\"widget\" data-e-type=\"widget\" data-widget_type=\"text-editor.default\">\n\t\t\t\t\t\t\t\t\t<p>\/an<\/p>\t\t\t\t\t\t\t\t<\/div>\n\t\t\t\t<div class=\"elementor-element elementor-element-d72169c elementor-widget elementor-widget-text-editor\" data-id=\"d72169c\" data-element_type=\"widget\" data-e-type=\"widget\" data-widget_type=\"text-editor.default\">\n\t\t\t\t\t\t\t\t\t<p>Comprend 2 entretiens par an de l&rsquo;installation\u00a0<\/p>\t\t\t\t\t\t\t\t<\/div>\n\t\t\t\t<div class=\"elementor-element elementor-element-d97bd2d elementor-icon-list--layout-traditional elementor-list-item-link-full_width elementor-widget elementor-widget-icon-list\" data-id=\"d97bd2d\" data-element_type=\"widget\" data-e-type=\"widget\" data-widget_type=\"icon-list.default\">\n\t\t\t\t\t\t\t<ul class=\"elementor-icon-list-items\">\n\t\t\t\t\t\t\t<li class=\"elementor-icon-list-item\">\n\t\t\t\t\t\t\t\t\t\t\t<span class=\"elementor-icon-list-icon\">\n\t\t\t\t\t\t\t<svg aria-hidden=\"true\" class=\"e-font-icon-svg e-fas-check\" viewBox=\"0 0 512 512\" xmlns=\"http:\/\/www.w3.org\/2000\/svg\"><path d=\"M173.898 439.404l-166.4-166.4c-9.997-9.997-9.997-26.206 0-36.204l36.203-36.204c9.997-9.998 26.207-9.998 36.204 0L192 312.69 432.095 72.596c9.997-9.997 26.207-9.997 36.204 0l36.203 36.204c9.997 9.997 9.997 26.206 0 36.204l-294.4 294.401c-9.998 9.997-26.207 9.997-36.204-.001z\"><\/path><\/svg>\t\t\t\t\t\t<\/span>\n\t\t\t\t\t\t\t\t\t\t<span class=\"elementor-icon-list-text\">V\u00e9rification du bassin <\/span>\n\t\t\t\t\t\t\t\t\t<\/li>\n\t\t\t\t\t\t\t\t<li class=\"elementor-icon-list-item\">\n\t\t\t\t\t\t\t\t\t\t\t<span class=\"elementor-icon-list-icon\">\n\t\t\t\t\t\t\t<svg aria-hidden=\"true\" class=\"e-font-icon-svg e-fas-check\" viewBox=\"0 0 512 512\" xmlns=\"http:\/\/www.w3.org\/2000\/svg\"><path d=\"M173.898 439.404l-166.4-166.4c-9.997-9.997-9.997-26.206 0-36.204l36.203-36.204c9.997-9.998 26.207-9.998 36.204 0L192 312.69 432.095 72.596c9.997-9.997 26.207-9.997 36.204 0l36.203 36.204c9.997 9.997 9.997 26.206 0 36.204l-294.4 294.401c-9.998 9.997-26.207 9.997-36.204-.001z\"><\/path><\/svg>\t\t\t\t\t\t<\/span>\n\t\t\t\t\t\t\t\t\t\t<span class=\"elementor-icon-list-text\">Contr\u00f4le du syst\u00e8me de filtration <\/span>\n\t\t\t\t\t\t\t\t\t<\/li>\n\t\t\t\t\t\t\t\t<li class=\"elementor-icon-list-item\">\n\t\t\t\t\t\t\t\t\t\t\t<span class=\"elementor-icon-list-icon\">\n\t\t\t\t\t\t\t<svg aria-hidden=\"true\" class=\"e-font-icon-svg e-fas-check\" viewBox=\"0 0 512 512\" xmlns=\"http:\/\/www.w3.org\/2000\/svg\"><path d=\"M173.898 439.404l-166.4-166.4c-9.997-9.997-9.997-26.206 0-36.204l36.203-36.204c9.997-9.998 26.207-9.998 36.204 0L192 312.69 432.095 72.596c9.997-9.997 26.207-9.997 36.204 0l36.203 36.204c9.997 9.997 9.997 26.206 0 36.204l-294.4 294.401c-9.998 9.997-26.207 9.997-36.204-.001z\"><\/path><\/svg>\t\t\t\t\t\t<\/span>\n\t\t\t\t\t\t\t\t\t\t<span class=\"elementor-icon-list-text\">Niveau et qualit\u00e9 de l'eau <\/span>\n\t\t\t\t\t\t\t\t\t<\/li>\n\t\t\t\t\t\t\t\t<li class=\"elementor-icon-list-item\">\n\t\t\t\t\t\t\t\t\t\t\t<span class=\"elementor-icon-list-icon\">\n\t\t\t\t\t\t\t<svg aria-hidden=\"true\" class=\"e-font-icon-svg e-fas-check\" viewBox=\"0 0 512 512\" xmlns=\"http:\/\/www.w3.org\/2000\/svg\"><path d=\"M173.898 439.404l-166.4-166.4c-9.997-9.997-9.997-26.206 0-36.204l36.203-36.204c9.997-9.998 26.207-9.998 36.204 0L192 312.69 432.095 72.596c9.997-9.997 26.207-9.997 36.204 0l36.203 36.204c9.997 9.997 9.997 26.206 0 36.204l-294.4 294.401c-9.998 9.997-26.207 9.997-36.204-.001z\"><\/path><\/svg>\t\t\t\t\t\t<\/span>\n\t\t\t\t\t\t\t\t\t\t<span class=\"elementor-icon-list-text\">Traitement du d\u00e9marrage avec traitement chlore-choc <\/span>\n\t\t\t\t\t\t\t\t\t<\/li>\n\t\t\t\t\t\t\t\t<li class=\"elementor-icon-list-item\">\n\t\t\t\t\t\t\t\t\t\t\t<span class=\"elementor-icon-list-icon\">\n\t\t\t\t\t\t\t<svg aria-hidden=\"true\" class=\"e-font-icon-svg e-fas-check\" viewBox=\"0 0 512 512\" xmlns=\"http:\/\/www.w3.org\/2000\/svg\"><path d=\"M173.898 439.404l-166.4-166.4c-9.997-9.997-9.997-26.206 0-36.204l36.203-36.204c9.997-9.998 26.207-9.998 36.204 0L192 312.69 432.095 72.596c9.997-9.997 26.207-9.997 36.204 0l36.203 36.204c9.997 9.997 9.997 26.206 0 36.204l-294.4 294.401c-9.998 9.997-26.207 9.997-36.204-.001z\"><\/path><\/svg>\t\t\t\t\t\t<\/span>\n\t\t\t\t\t\t\t\t\t\t<span class=\"elementor-icon-list-text\">V\u00e9rification des \u00e9quipements (skimmers, paniers,...)<\/span>\n\t\t\t\t\t\t\t\t\t<\/li>\n\t\t\t\t\t\t\t\t<li class=\"elementor-icon-list-item\">\n\t\t\t\t\t\t\t\t\t\t\t<span class=\"elementor-icon-list-icon\">\n\t\t\t\t\t\t\t<svg aria-hidden=\"true\" class=\"e-font-icon-svg e-fas-check\" viewBox=\"0 0 512 512\" xmlns=\"http:\/\/www.w3.org\/2000\/svg\"><path d=\"M173.898 439.404l-166.4-166.4c-9.997-9.997-9.997-26.206 0-36.204l36.203-36.204c9.997-9.998 26.207-9.998 36.204 0L192 312.69 432.095 72.596c9.997-9.997 26.207-9.997 36.204 0l36.203 36.204c9.997 9.997 9.997 26.206 0 36.204l-294.4 294.401c-9.998 9.997-26.207 9.997-36.204-.001z\"><\/path><\/svg>\t\t\t\t\t\t<\/span>\n\t\t\t\t\t\t\t\t\t\t<span class=\"elementor-icon-list-text\">S\u00e9curit\u00e9 et environnement<\/span>\n\t\t\t\t\t\t\t\t\t<\/li>\n\t\t\t\t\t\t\t\t<li class=\"elementor-icon-list-item\">\n\t\t\t\t\t\t\t\t\t\t\t<span class=\"elementor-icon-list-icon\">\n\t\t\t\t\t\t\t<svg aria-hidden=\"true\" class=\"e-font-icon-svg e-fas-check\" viewBox=\"0 0 512 512\" xmlns=\"http:\/\/www.w3.org\/2000\/svg\"><path d=\"M173.898 439.404l-166.4-166.4c-9.997-9.997-9.997-26.206 0-36.204l36.203-36.204c9.997-9.998 26.207-9.998 36.204 0L192 312.69 432.095 72.596c9.997-9.997 26.207-9.997 36.204 0l36.203 36.204c9.997 9.997 9.997 26.206 0 36.204l-294.4 294.401c-9.998 9.997-26.207 9.997-36.204-.001z\"><\/path><\/svg>\t\t\t\t\t\t<\/span>\n\t\t\t\t\t\t\t\t\t\t<span class=\"elementor-icon-list-text\">Mise en hivernage en fin de saison<\/span>\n\t\t\t\t\t\t\t\t\t<\/li>\n\t\t\t\t\t\t<\/ul>\n\t\t\t\t\t\t<\/div>\n\t\t\t\t<div class=\"elementor-element elementor-element-2ed8bc4 elementor-widget elementor-widget-move-button\" data-id=\"2ed8bc4\" data-element_type=\"widget\" data-e-type=\"widget\" data-widget_type=\"move-button.default\">\n\t\t\t\t<div class=\"elementor-widget-container\">\n\t\t\t\t\t<div class=\"htmove-button-area htmove-button-icon-left\"><a href=\"https:\/\/lagencedeconstruction.fr\/?page_id=29\"><button class=\"htmove-btn htmove-btn-primary htmove-btn-st htmove-btn-outline-primary\"> <span class=\"htmove-btn-text\">Faire une demande d&#039;entretien<\/span> <span class=\"htmove-btn-cion\"><i aria-hidden=\"true\" class=\"far fa-arrow-alt-circle-right\"><\/i><\/span> <\/button><\/a><\/div>\t\t\t\t<\/div>\n\t\t\t\t<\/div>\n\t\t\t\t<\/div>\n\t\t\t\t\t<\/div>\n\t\t\t\t<\/div>\n\t\t<div class=\"elementor-element elementor-element-78ed858 e-flex e-con-boxed e-con e-parent\" data-id=\"78ed858\" data-element_type=\"container\" data-e-type=\"container\" data-settings=\"{&quot;background_background&quot;:&quot;classic&quot;}\">\n\t\t\t\t\t<div class=\"e-con-inner\">\n\t\t<div class=\"elementor-element elementor-element-3110fff e-con-full e-flex e-con e-child\" data-id=\"3110fff\" data-element_type=\"container\" data-e-type=\"container\">\n\t\t\t\t<div class=\"elementor-element elementor-element-3488c0f elementor-widget elementor-widget-heading\" data-id=\"3488c0f\" data-element_type=\"widget\" data-e-type=\"widget\" data-widget_type=\"heading.default\">\n\t\t\t\t\t<h2 class=\"elementor-heading-title elementor-size-default\">Besoin d'une solution sur mesure ? <\/h2>\t\t\t\t<\/div>\n\t\t\t\t<div class=\"elementor-element elementor-element-1057a22 elementor-widget elementor-widget-text-editor\" data-id=\"1057a22\" data-element_type=\"widget\" data-e-type=\"widget\" data-widget_type=\"text-editor.default\">\n\t\t\t\t\t\t\t\t\t<p>Nous proposons \u00e9galement des <strong data-start=\"224\" data-end=\"260\">solutions d\u2019entretien sur mesure<\/strong>, adapt\u00e9es \u00e0 vos \u00e9quipements et \u00e0 vos besoins sp\u00e9cifiques. Il est possible de <strong data-start=\"338\" data-end=\"382\">combiner plusieurs solutions d\u2019entretien<\/strong> (climatisation, plomberie, panneaux solaires, piscine, etc.) afin de construire une offre coh\u00e9rente et d\u2019<strong data-start=\"488\" data-end=\"565\">\u00e9tablir un prix juste pour l\u2019entretien de l\u2019ensemble de vos installations<\/strong>.<br data-start=\"566\" data-end=\"569\" \/>Vous pouvez <strong data-start=\"581\" data-end=\"623\">faire directement une demande de devis<\/strong>, et nous vous recontacterons <strong data-start=\"653\" data-end=\"683\">dans les plus brefs d\u00e9lais<\/strong> pour analyser votre situation et vous proposer une <strong data-start=\"735\" data-end=\"791\">solution d\u2019entretien adapt\u00e9e, performante et durable<\/strong>.<\/p>\t\t\t\t\t\t\t\t<\/div>\n\t\t\t\t<div class=\"elementor-element elementor-element-cd1aabd elementor-widget__width-initial ekit-equal-height-disable elementor-widget elementor-widget-elementskit-icon-box\" data-id=\"cd1aabd\" data-element_type=\"widget\" data-e-type=\"widget\" data-widget_type=\"elementskit-icon-box.default\">\n\t\t\t\t\t<div class=\"ekit-wid-con\" >        <!-- link opening -->\n                <a href=\"\" class=\"ekit_global_links\">\n                <!-- end link opening -->\n\n        <div class=\"elementskit-infobox text-left text-left icon-lef-right-aligin elementor-animation- media gradient-active  hover_from_left\">\n                    <div class=\"elementskit-box-header elementor-animation-\">\n                <div class=\"elementskit-info-box-icon  text-center\">\n                    <svg class=\"elementkit-infobox-icon ekit-svg-icon icon-arrow-right\" viewBox=\"0 0 32 32\" xmlns=\"http:\/\/www.w3.org\/2000\/svg\"><path d=\"M30.966 16.234l-9.6-9.6c-0.312-0.312-0.819-0.312-1.131 0s-0.312 0.819 0 1.131l8.234 8.234h-26.069c-0.442 0-0.8 0.358-0.8 0.8s0.358 0.8 0.8 0.8h26.069l-8.234 8.234c-0.312 0.312-0.312 0.819 0 1.131 0.156 0.156 0.361 0.234 0.566 0.234s0.409-0.078 0.566-0.234l9.6-9.6c0.312-0.312 0.312-0.819 0-1.131z\"><\/path><\/svg>\n                <\/div>\n          <\/div>\n                        <div class=\"box-body\">\n                            <p class=\"elementskit-info-box-title\">\n                    Demander un devis                <\/p>\n                                            <\/div>\n        \n        \n                <\/div>\n                <\/a>\n        <\/div>\t\t\t\t<\/div>\n\t\t\t\t<\/div>\n\t\t<div class=\"elementor-element elementor-element-2bb36de e-con-full e-flex e-con e-child\" data-id=\"2bb36de\" data-element_type=\"container\" data-e-type=\"container\">\n\t\t\t\t<div class=\"elementor-element elementor-element-74c8512 elementor-widget elementor-widget-image\" data-id=\"74c8512\" data-element_type=\"widget\" data-e-type=\"widget\" data-widget_type=\"image.default\">\n\t\t\t\t\t\t\t\t\t\t\t\t\t\t\t<img fetchpriority=\"high\" decoding=\"async\" width=\"800\" height=\"531\" src=\"https:\/\/lagencedeconstruction.fr\/wp-content\/uploads\/2026\/01\/AdobeStock_81478050-1024x680.jpeg\" class=\"attachment-large size-large wp-image-825\" alt=\"\" srcset=\"https:\/\/lagencedeconstruction.fr\/wp-content\/uploads\/2026\/01\/AdobeStock_81478050-1024x680.jpeg 1024w, https:\/\/lagencedeconstruction.fr\/wp-content\/uploads\/2026\/01\/AdobeStock_81478050-300x199.jpeg 300w, https:\/\/lagencedeconstruction.fr\/wp-content\/uploads\/2026\/01\/AdobeStock_81478050-768x510.jpeg 768w, https:\/\/lagencedeconstruction.fr\/wp-content\/uploads\/2026\/01\/AdobeStock_81478050-1536x1020.jpeg 1536w, https:\/\/lagencedeconstruction.fr\/wp-content\/uploads\/2026\/01\/AdobeStock_81478050-2048x1360.jpeg 2048w\" sizes=\"(max-width: 800px) 100vw, 800px\" \/>\t\t\t\t\t\t\t\t\t\t\t\t\t\t\t<\/div>\n\t\t\t\t<\/div>\n\t\t\t\t\t<\/div>\n\t\t\t\t<\/div>\n\t\t<div class=\"elementor-element elementor-element-e8d8626 e-flex e-con-boxed e-con e-parent\" data-id=\"e8d8626\" data-element_type=\"container\" data-e-type=\"container\">\n\t\t\t\t\t<div class=\"e-con-inner\">\n\t\t\t\t<div class=\"elementor-element elementor-element-f572bf6 elementor-widget elementor-widget-heading\" data-id=\"f572bf6\" data-element_type=\"widget\" data-e-type=\"widget\" data-widget_type=\"heading.default\">\n\t\t\t\t\t<h2 class=\"elementor-heading-title elementor-size-default\">D\u00e9couvrez toutes nos solutions d'entretien<\/h2>\t\t\t\t<\/div>\n\t\t\t\t\t<\/div>\n\t\t\t\t<\/div>\n\t\t<div class=\"elementor-element elementor-element-b8802a2 e-flex e-con-boxed e-con e-parent\" data-id=\"b8802a2\" data-element_type=\"container\" data-e-type=\"container\">\n\t\t\t\t\t<div class=\"e-con-inner\">\n\t\t<div class=\"elementor-element elementor-element-9e6ceaf e-con-full e-flex e-con e-child\" data-id=\"9e6ceaf\" data-element_type=\"container\" data-e-type=\"container\">\n\t\t\t\t<div class=\"elementor-element elementor-element-1d9c9c7 htmove-image-content-left htmove-image-content-center elementor-widget elementor-widget-move-image-box\" data-id=\"1d9c9c7\" data-element_type=\"widget\" data-e-type=\"widget\" data-widget_type=\"move-image-box.default\">\n\t\t\t\t<div class=\"elementor-widget-container\">\n\t\t\t\t\t                \n            <div class=\"htmove-image-box htmove-image-box-two htmove-image-top\" >\n                <div class=\"htmove-image-box-thumbnail\"><img decoding=\"async\" width=\"600\" height=\"400\" src=\"https:\/\/lagencedeconstruction.fr\/wp-content\/uploads\/2026\/01\/Clim.png\" class=\"attachment-full size-full wp-image-847\" alt=\"\" srcset=\"https:\/\/lagencedeconstruction.fr\/wp-content\/uploads\/2026\/01\/Clim.png 600w, https:\/\/lagencedeconstruction.fr\/wp-content\/uploads\/2026\/01\/Clim-300x200.png 300w\" sizes=\"(max-width: 600px) 100vw, 600px\" \/><a class=\"htmove-image-box-btn\" href=\"https:\/\/lagencedeconstruction.fr\/?page_id=451#\"><span class=\"htmove-btn-text\">En savoir +<\/span><\/a><\/div>\n                <div class=\"htmove-image-box-content\">\n                    <h3 class=\"htmove-image-box-title\">Entretien climatisation<\/h3><div class=\"htmove-image-box-text\"><div class=\"htmove-description\">Entretien r\u00e9gulier de votre climatisation pour garantir performance, confort et qualit\u00e9 de l\u2019air.<\/div><\/div>                <\/div>\n\n            <\/div>\n        \t\t\t\t<\/div>\n\t\t\t\t<\/div>\n\t\t\t\t<\/div>\n\t\t<div class=\"elementor-element elementor-element-9735582 e-con-full e-flex e-con e-child\" data-id=\"9735582\" data-element_type=\"container\" data-e-type=\"container\">\n\t\t\t\t<div class=\"elementor-element elementor-element-03c4811 htmove-image-content-left htmove-image-content-center elementor-widget elementor-widget-move-image-box\" data-id=\"03c4811\" data-element_type=\"widget\" data-e-type=\"widget\" data-widget_type=\"move-image-box.default\">\n\t\t\t\t<div class=\"elementor-widget-container\">\n\t\t\t\t\t                \n            <div class=\"htmove-image-box htmove-image-box-two htmove-image-top\" >\n                <div class=\"htmove-image-box-thumbnail\"><img decoding=\"async\" width=\"600\" height=\"400\" src=\"https:\/\/lagencedeconstruction.fr\/wp-content\/uploads\/2026\/01\/5.png\" class=\"attachment-full size-full wp-image-835\" alt=\"\" srcset=\"https:\/\/lagencedeconstruction.fr\/wp-content\/uploads\/2026\/01\/5.png 600w, https:\/\/lagencedeconstruction.fr\/wp-content\/uploads\/2026\/01\/5-300x200.png 300w\" sizes=\"(max-width: 600px) 100vw, 600px\" \/><a class=\"htmove-image-box-btn\" href=\"\"><span class=\"htmove-btn-text\">En savoir +<\/span><\/a><\/div>\n                <div class=\"htmove-image-box-content\">\n                    <h3 class=\"htmove-image-box-title\">Entretien adoucisseur<\/h3><div class=\"htmove-image-box-text\"><div class=\"htmove-description\">Entretien de votre adoucisseur d\u2019eau pour garantir une eau saine et un fonctionnement optimal.<\/div><\/div>                <\/div>\n\n            <\/div>\n        \t\t\t\t<\/div>\n\t\t\t\t<\/div>\n\t\t\t\t<\/div>\n\t\t<div class=\"elementor-element elementor-element-ff9c3cd e-con-full e-flex e-con e-child\" data-id=\"ff9c3cd\" data-element_type=\"container\" data-e-type=\"container\">\n\t\t\t\t<div class=\"elementor-element elementor-element-fe869e0 htmove-image-content-left htmove-image-content-center elementor-widget elementor-widget-move-image-box\" data-id=\"fe869e0\" data-element_type=\"widget\" data-e-type=\"widget\" data-widget_type=\"move-image-box.default\">\n\t\t\t\t<div class=\"elementor-widget-container\">\n\t\t\t\t\t                \n            <div class=\"htmove-image-box htmove-image-box-two htmove-image-top\" >\n                <div class=\"htmove-image-box-thumbnail\"><img loading=\"lazy\" decoding=\"async\" width=\"600\" height=\"400\" src=\"https:\/\/lagencedeconstruction.fr\/wp-content\/uploads\/2026\/01\/6.png\" class=\"attachment-full size-full wp-image-836\" alt=\"\" srcset=\"https:\/\/lagencedeconstruction.fr\/wp-content\/uploads\/2026\/01\/6.png 600w, https:\/\/lagencedeconstruction.fr\/wp-content\/uploads\/2026\/01\/6-300x200.png 300w\" sizes=\"(max-width: 600px) 100vw, 600px\" \/><a class=\"htmove-image-box-btn\" href=\"\"><span class=\"htmove-btn-text\">En savoir +<\/span><\/a><\/div>\n                <div class=\"htmove-image-box-content\">\n                    <h3 class=\"htmove-image-box-title\">Entretien panneaux solaires<\/h3><div class=\"htmove-image-box-text\"><div class=\"htmove-description\">Entretien de vos panneaux solaires pour pr\u00e9server leur performance et leur rendement.<\/div><\/div>                <\/div>\n\n            <\/div>\n        \t\t\t\t<\/div>\n\t\t\t\t<\/div>\n\t\t\t\t<\/div>\n\t\t<div class=\"elementor-element elementor-element-c0a09b8 e-con-full e-flex e-con e-child\" data-id=\"c0a09b8\" data-element_type=\"container\" data-e-type=\"container\">\n\t\t\t\t<div class=\"elementor-element elementor-element-14bf6c1 htmove-image-content-left htmove-image-content-center elementor-widget elementor-widget-move-image-box\" data-id=\"14bf6c1\" data-element_type=\"widget\" data-e-type=\"widget\" data-widget_type=\"move-image-box.default\">\n\t\t\t\t<div class=\"elementor-widget-container\">\n\t\t\t\t\t                \n            <div class=\"htmove-image-box htmove-image-box-two htmove-image-top\" >\n                <div class=\"htmove-image-box-thumbnail\"><img loading=\"lazy\" decoding=\"async\" width=\"600\" height=\"400\" src=\"https:\/\/lagencedeconstruction.fr\/wp-content\/uploads\/2026\/01\/7.png\" class=\"attachment-full size-full wp-image-837\" alt=\"\" srcset=\"https:\/\/lagencedeconstruction.fr\/wp-content\/uploads\/2026\/01\/7.png 600w, https:\/\/lagencedeconstruction.fr\/wp-content\/uploads\/2026\/01\/7-300x200.png 300w\" sizes=\"(max-width: 600px) 100vw, 600px\" \/><a class=\"htmove-image-box-btn\" href=\"https:\/\/lagencedeconstruction.fr\/?page_id=453\"><span class=\"htmove-btn-text\">En savoir +<\/span><\/a><\/div>\n                <div class=\"htmove-image-box-content\">\n                    <h3 class=\"htmove-image-box-title\">Entretien plomberie et chauffe-eau<\/h3><div class=\"htmove-image-box-text\"><div class=\"htmove-description\">Entretien de la plomberie et du chauffe-eau pour pour des installations fiables et durables.<\/div><\/div>                <\/div>\n\n            <\/div>\n        \t\t\t\t<\/div>\n\t\t\t\t<\/div>\n\t\t\t\t<\/div>\n\t\t\t\t\t<\/div>\n\t\t\t\t<\/div>\n\t\t\t\t<\/div>\n\t\t","protected":false},"excerpt":{"rendered":"<p>ENTRETIEN DE LA PISCINE : S\u00c9R\u00c9NIT\u00c9 ET PLAISIR AU QUOTIDIEN Une piscine bien entretenue permet de profiter d\u2019une eau saine, de pr\u00e9server les \u00e9quipements et d\u2019assurer un fonctionnement optimal tout au long de l\u2019ann\u00e9e.Nos solutions d\u2019entretien de la piscine garantissent un \u00e9quilibre ma\u00eetris\u00e9 de l\u2019eau, des installations fiables et un confort durable, pour profiter pleinement [&hellip;]<\/p>\n","protected":false},"author":1,"featured_media":0,"parent":0,"menu_order":0,"comment_status":"closed","ping_status":"closed","template":"","meta":{"footnotes":""},"class_list":["post-459","page","type-page","status-publish","hentry"],"_links":{"self":[{"href":"https:\/\/lagencedeconstruction.fr\/index.php?rest_route=\/wp\/v2\/pages\/459","targetHints":{"allow":["GET"]}}],"collection":[{"href":"https:\/\/lagencedeconstruction.fr\/index.php?rest_route=\/wp\/v2\/pages"}],"about":[{"href":"https:\/\/lagencedeconstruction.fr\/index.php?rest_route=\/wp\/v2\/types\/page"}],"author":[{"embeddable":true,"href":"https:\/\/lagencedeconstruction.fr\/index.php?rest_route=\/wp\/v2\/users\/1"}],"replies":[{"embeddable":true,"href":"https:\/\/lagencedeconstruction.fr\/index.php?rest_route=%2Fwp%2Fv2%2Fcomments&post=459"}],"version-history":[{"count":22,"href":"https:\/\/lagencedeconstruction.fr\/index.php?rest_route=\/wp\/v2\/pages\/459\/revisions"}],"predecessor-version":[{"id":1199,"href":"https:\/\/lagencedeconstruction.fr\/index.php?rest_route=\/wp\/v2\/pages\/459\/revisions\/1199"}],"wp:attachment":[{"href":"https:\/\/lagencedeconstruction.fr\/index.php?rest_route=%2Fwp%2Fv2%2Fmedia&parent=459"}],"curies":[{"name":"wp","href":"https:\/\/api.w.org\/{rel}","templated":true}]}}